{"id":14304,"date":"2023-03-17T13:18:40","date_gmt":"2023-03-17T11:18:40","guid":{"rendered":"https:\/\/farineracoromina.com\/?page_id=14304"},"modified":"2025-02-28T10:11:39","modified_gmt":"2025-02-28T08:11:39","slug":"avis-legal","status":"publish","type":"page","link":"https:\/\/farineracoromina.com\/ca\/avis-legal\/","title":{"rendered":"AV\u00cdS LEGAL"},"content":{"rendered":"<p>Benvingut a la p\u00e0gina web de Farinera Coromina.<br \/>\nA continuaci\u00f3, li exposem les condicions d&#8217;\u00fas d&#8217;aquesta p\u00e0gina web. La navegaci\u00f3 per aquesta p\u00e0gina web li atorga el rol d&#8217;usuari i, per tant, accepta les cl\u00e0usules detallades en aquest document.<\/p>\n<h4>1- IDENTIFICACI\u00d3<\/h4>\n<p>En compliment del que preveu l&#8217;article 10 de la Llei 34\/2002, d&#8217;11 de juliol, de Serveis de la Societat de la Informaci\u00f3 i Comer\u00e7 Electr\u00f2nic, s&#8217;informa que http:\/\/farineracoromina.com \u00e9s un domini d&#8217;Agri-Energia, S.A., amb NIF A17000837 i domicili al c\/ Girona, 155, 17820 Banyoles (Girona), inscrita al Registre Mercantil de Girona, Tom 819, Foli 125, Full n\u00famero GI-15632, Inscripci\u00f3 1a, societat unipersonal.<\/p>\n<p>Per a qualsevol consulta, es pot posar en contacte amb nosaltres a trav\u00e9s del correu electr\u00f2nic comunicaciofarinera@agrienergia.com o del tel\u00e8fon +34 972 583 363.<\/p>\n<h4>2- NORMES D&#8217;UTILITZACI\u00d3<\/h4>\n<p>L&#8217;usuari es compromet a fer un \u00fas adequat de la web i dels seus continguts, respectant en tot moment la legislaci\u00f3 vigent. Es prohibeix expressament:<\/p>\n<ul>\n<li>Introduir o difondre virus inform\u00e0tics o qualsevol altre sistema susceptible de provocar danys a la web o als seus usuaris.<\/li>\n<li>Intentar accedir sense autoritzaci\u00f3 a dades restringides o a comptes d&#8217;altres usuaris.<\/li>\n<li>Utilitzar la web amb finalitats fraudulentes o il\u00b7l\u00edcites, incloent-hi el seu \u00fas amb finalitats comercials sense la pr\u00e8via autoritzaci\u00f3 d&#8217;Agri-Energia, S.A.<\/li>\n<\/ul>\n<p>En cas d&#8217;incompliment, Agri-Energia, S.A. es reserva el dret d&#8217;adoptar les mesures legals oportunes i de restringir l&#8217;acc\u00e9s de l&#8217;usuari infractor.<\/p>\n<h4>3- PROPIETAT INTEL\u00b7LECTUAL<\/h4>\n<p>Tots els continguts d&#8217;aquest lloc web (textos, imatges, logotips, v\u00eddeos, disseny gr\u00e0fic, codi font, etc.) estan protegits per drets de propietat intel\u00b7lectual i industrial, sent Agri-Energia, S.A. la titular o leg\u00edtima llicenciat\u00e0ria dels mateixos. Queda prohibida la reproducci\u00f3, distribuci\u00f3, comunicaci\u00f3 p\u00fablica o transformaci\u00f3 sense autoritzaci\u00f3 expressa del titular.<\/p>\n<p>En cas que qualsevol usuari o tercer consideri que s&#8217;ha produ\u00eft una violaci\u00f3 dels seus drets de propietat intel\u00b7lectual, podr\u00e0 notificar-ho a Agri-Energia, S.A. a trav\u00e9s del correu electr\u00f2nic comunicaciofarinera@agrienergia.com, proporcionant la documentaci\u00f3 acreditativa corresponent.<\/p>\n<h4>4- RESPONSABILITAT<\/h4>\n<p>Agri-Energia, S.A. es compromet a mantenir actualitzada la informaci\u00f3 continguda en el seu lloc web. No obstant aix\u00f2, no es fa responsable de possibles errors o omissions, ni de la disponibilitat continuada dels continguts.<\/p>\n<p>L&#8217;usuari reconeix i accepta que l&#8217;acc\u00e9s i \u00fas del lloc web es realitza sota la seva responsabilitat. Agri-Energia, S.A. no es responsabilitza dels danys que puguin derivar-se de:<\/p>\n<ul>\n<li>Interrupcions en el servei o fallades t\u00e8cniques que afectin l&#8217;acc\u00e9s al lloc web.<\/li>\n<li>Decisions preses a partir de la informaci\u00f3 proporcionada a la web.<\/li>\n<li>Continguts de tercers enlla\u00e7ats des d&#8217;aquest lloc web.<\/li>\n<\/ul>\n<h4>\n5- LLEI APLICABLE I JURISDICCI\u00d3<\/h4>\n<p>Per a la resoluci\u00f3 de totes les q\u00fcestions relacionades amb el present lloc web o amb les activitats que s&#8217;hi realitzen, ser\u00e0 d&#8217;aplicaci\u00f3 la legislaci\u00f3 espanyola, a la qual es sotmeten expressament ambdues parts, sent competents per a la resoluci\u00f3 de tots els conflictes derivats o relacionats amb el seu \u00fas els Jutjats i Tribunals espanyols.<\/p>\n","protected":false},"excerpt":{"rendered":"<p>Benvingut a la p\u00e0gina web de Farinera Coromina. A continuaci\u00f3, li exposem les condicions d&#8217;\u00fas d&#8217;aquesta p\u00e0gina web. La navegaci\u00f3 per aquesta p\u00e0gina web li atorga el rol d&#8217;usuari i, per tant,<\/p>\n","protected":false},"author":1,"featured_media":0,"parent":0,"menu_order":0,"comment_status":"closed","ping_status":"closed","template":"","meta":{"_acf_changed":false,"footnotes":""},"class_list":["post-14304","page","type-page","status-publish","hentry"],"acf":[],"_links":{"self":[{"href":"https:\/\/farineracoromina.com\/ca\/wp-json\/wp\/v2\/pages\/14304","targetHints":{"allow":["GET"]}}],"collection":[{"href":"https:\/\/farineracoromina.com\/ca\/wp-json\/wp\/v2\/pages"}],"about":[{"href":"https:\/\/farineracoromina.com\/ca\/wp-json\/wp\/v2\/types\/page"}],"author":[{"embeddable":true,"href":"https:\/\/farineracoromina.com\/ca\/wp-json\/wp\/v2\/users\/1"}],"replies":[{"embeddable":true,"href":"https:\/\/farineracoromina.com\/ca\/wp-json\/wp\/v2\/comments?post=14304"}],"version-history":[{"count":4,"href":"https:\/\/farineracoromina.com\/ca\/wp-json\/wp\/v2\/pages\/14304\/revisions"}],"predecessor-version":[{"id":18425,"href":"https:\/\/farineracoromina.com\/ca\/wp-json\/wp\/v2\/pages\/14304\/revisions\/18425"}],"wp:attachment":[{"href":"https:\/\/farineracoromina.com\/ca\/wp-json\/wp\/v2\/media?parent=14304"}],"curies":[{"name":"wp","href":"https:\/\/api.w.org\/{rel}","templated":true}]}}