{"id":14306,"date":"2023-03-17T13:21:10","date_gmt":"2023-03-17T11:21:10","guid":{"rendered":"https:\/\/farineracoromina.com\/?page_id=14306"},"modified":"2023-03-17T13:21:10","modified_gmt":"2023-03-17T11:21:10","slug":"politica-de-cookies","status":"publish","type":"page","link":"https:\/\/farineracoromina.com\/ca\/politica-de-cookies\/","title":{"rendered":"POL\u00cdTICA DE COOKIES"},"content":{"rendered":"<p class=\"western\">Des de Agri-Energia S.A., volem informar que la nostre p\u00e0gina web utilitza cookies per mesurar i analitzar la navegaci\u00f3 dels nostres usuaris.<\/p>\n<p class=\"western\">Les cookies s\u00f3n uns arxius que s\u2019instal\u00b7len en l\u2019ordinador des de el que s\u2019accedeix a la nostre web amb les finalitats que es descriuen en aquesta p\u00e0gina.<\/p>\n<p class=\"western\">Les aplicacions que utilitzem per obtenir informaci\u00f3 de la navegaci\u00f3, mesurar i analitzar l\u2019audi\u00e8ncia s\u00f3n:<\/p>\n<p class=\"western\">Google Analytics https:\/\/www.google.es\/intl\/es\/analytics\/<\/p>\n<p class=\"western\">Aquestes aplicacions han set desenvolupades per Google, que ens presten el servei de mesura i an\u00e0lisi de l\u2019audi\u00e8ncia de les nostres p\u00e0gines. A si mateix elles mateixes poden utilitzar aquestes dades per millorar els seus propis serveis i per oferir serveis a altres empreses. Pots con\u00e8ixer aquets altres usos des dels enlla\u00e7os indicats.<\/p>\n<p class=\"western\">Aquestes eines no obtenen dades sobre el seu nom o cognom ni de la direcci\u00f3 postal des de on es connecta. La informaci\u00f3 que obtenen est\u00e0 relacionada amb el n\u00famero de p\u00e0gines visitades, el idioma, el n\u00famero de nous usuaris, la freq\u00fc\u00e8ncia i reincid\u00e8ncia de les visites, el navegador i l\u2019operador o tipus de terminal des del que es realitza la visita.<\/p>\n<p class=\"western\">Aquesta informaci\u00f3 la utilitzem per millorar les nostres p\u00e0gines, detectar noves necessitats i valorar les millores a introduir amb la finalitat de prestar un millor servei als usuaris que ens visiten adaptant-les per exemple als navegadors o terminals m\u00e9s utilitzats.<\/p>\n<p class=\"western\">Per permetre, con\u00e8ixer, bloquejar o eliminar les cookies instal\u2022lades en el seu ordinador, pot fer-ho mitjan\u00e7ant la configuraci\u00f3 de les opcions del navegador que t\u00e9 instal\u2022lat.<\/p>\n<p class=\"western\">Per exemple, pot trobar informaci\u00f3 sobre com fer-ho en el cas que utilitzi com a navegador:<\/p>\n<p class=\"western\">Firefox des de\u00a0<span lang=\"zxx\"><u><a href=\"https:\/\/support.mozilla.org\/es\/products\/firefox\/protect-your-privacy\/cookies\">https:\/\/support.mozilla.org\/es\/products\/firefox\/protect-your-privacy\/cookies<\/a><\/u><\/span><\/p>\n<p class=\"western\">Chrome des de\u00a0<span lang=\"zxx\"><u><a href=\"https:\/\/support.google.com\/chrome\/answer\/95647?hl=es\">https:\/\/support.google.com\/chrome\/answer\/95647?hl=es<\/a><\/u><\/span><\/p>\n<p class=\"western\">Explorer des de\u00a0<span lang=\"zxx\"><u><a href=\"http:\/\/windows.microsoft.com\/es-es\/internet-explorer\/delete-manage-cookies#ie=ie-11\">http:\/\/windows.microsoft.com\/es-es\/internet-explorer\/delete-manage-cookies#ie=ie-11<\/a><\/u><\/span><\/p>\n<p class=\"western\">Safari des de\u00a0<span lang=\"zxx\"><u><a href=\"https:\/\/support.apple.com\/kb\/PH19214?viewlocale=es_ES&amp;locale=en_GB\">https:\/\/support.apple.com\/kb\/PH19214?viewlocale=es_ES&amp;locale=en_GB<\/a><\/u><\/span><\/p>\n<p class=\"western\">Opera des de\u00a0<span lang=\"zxx\"><u><a href=\"http:\/\/help.opera.com\/Linux\/10.60\/es-ES\/cookies.html\">http:\/\/help.opera.com\/Linux\/10.60\/es-ES\/cookies.html<\/a><\/u><\/span><\/p>\n","protected":false},"excerpt":{"rendered":"<p>Des de Agri-Energia S.A., volem informar que la nostre p\u00e0gina web utilitza cookies per mesurar i analitzar la navegaci\u00f3 dels nostres usuaris. Les cookies s\u00f3n uns arxius que s\u2019instal\u00b7len en l\u2019ordinador des<\/p>\n","protected":false},"author":1,"featured_media":0,"parent":0,"menu_order":0,"comment_status":"closed","ping_status":"closed","template":"","meta":{"_acf_changed":false,"footnotes":""},"class_list":["post-14306","page","type-page","status-publish","hentry"],"acf":[],"_links":{"self":[{"href":"https:\/\/farineracoromina.com\/ca\/wp-json\/wp\/v2\/pages\/14306","targetHints":{"allow":["GET"]}}],"collection":[{"href":"https:\/\/farineracoromina.com\/ca\/wp-json\/wp\/v2\/pages"}],"about":[{"href":"https:\/\/farineracoromina.com\/ca\/wp-json\/wp\/v2\/types\/page"}],"author":[{"embeddable":true,"href":"https:\/\/farineracoromina.com\/ca\/wp-json\/wp\/v2\/users\/1"}],"replies":[{"embeddable":true,"href":"https:\/\/farineracoromina.com\/ca\/wp-json\/wp\/v2\/comments?post=14306"}],"version-history":[{"count":1,"href":"https:\/\/farineracoromina.com\/ca\/wp-json\/wp\/v2\/pages\/14306\/revisions"}],"predecessor-version":[{"id":14307,"href":"https:\/\/farineracoromina.com\/ca\/wp-json\/wp\/v2\/pages\/14306\/revisions\/14307"}],"wp:attachment":[{"href":"https:\/\/farineracoromina.com\/ca\/wp-json\/wp\/v2\/media?parent=14306"}],"curies":[{"name":"wp","href":"https:\/\/api.w.org\/{rel}","templated":true}]}}