{"id":13740,"date":"2023-02-06T20:26:15","date_gmt":"2023-02-06T18:26:15","guid":{"rendered":"https:\/\/farineracoromina.com\/?post_type=product&#038;p=13740"},"modified":"2023-03-24T15:32:39","modified_gmt":"2023-03-24T13:32:39","slug":"dark-grains","status":"publish","type":"product","link":"https:\/\/farineracoromina.com\/ca\/producte\/dark-grains\/","title":{"rendered":"Dark Grains"},"content":{"rendered":"","protected":false},"excerpt":{"rendered":"<p>La farina Dark Grains t\u00e9 les caracter\u00edstiques perfectes per elaborar uns pans de llavors \/ cereals molt saborosos. El seu <strong>elevat percentatge de llavors i de flocs de s\u00e8gol<\/strong> fan d&#8217;ella una de les farines m\u00e9s saboroses del mercat. La Dark Grains es caracteritza per contenir <strong>garrofa<\/strong>, la qual cosa li proporciona un color fosc caracter\u00edstic, un <strong>gran sabor<\/strong> i una textura perfecta per a elaborar pans de motlles com a sandvitxos o pans de cereals en format de fogassa o xusco. <strong>No cont\u00e9 cap mena d&#8217;additiu<\/strong> i amb una mescla de farines a la pedra i de cilindre, la Dark Grains us encantar\u00e0 gr\u00e0cies a la seva polival\u00e8ncia i a les seves aromes.<\/p>\n","protected":false},"featured_media":14944,"comment_status":"closed","ping_status":"closed","template":"","meta":{"_acf_changed":false},"product_brand":[],"product_cat":[159,18],"product_tag":[],"class_list":{"0":"post-13740","1":"product","2":"type-product","3":"status-publish","4":"has-post-thumbnail","6":"product_cat-farines-per-pa","7":"product_cat-gamma-can-trull","9":"first","10":"instock","11":"featured","12":"shipping-taxable","13":"product-type-simple"},"acf":[],"_links":{"self":[{"href":"https:\/\/farineracoromina.com\/ca\/wp-json\/wp\/v2\/product\/13740","targetHints":{"allow":["GET"]}}],"collection":[{"href":"https:\/\/farineracoromina.com\/ca\/wp-json\/wp\/v2\/product"}],"about":[{"href":"https:\/\/farineracoromina.com\/ca\/wp-json\/wp\/v2\/types\/product"}],"replies":[{"embeddable":true,"href":"https:\/\/farineracoromina.com\/ca\/wp-json\/wp\/v2\/comments?post=13740"}],"wp:featuredmedia":[{"embeddable":true,"href":"https:\/\/farineracoromina.com\/ca\/wp-json\/wp\/v2\/media\/14944"}],"wp:attachment":[{"href":"https:\/\/farineracoromina.com\/ca\/wp-json\/wp\/v2\/media?parent=13740"}],"wp:term":[{"taxonomy":"product_brand","embeddable":true,"href":"https:\/\/farineracoromina.com\/ca\/wp-json\/wp\/v2\/product_brand?post=13740"},{"taxonomy":"product_cat","embeddable":true,"href":"https:\/\/farineracoromina.com\/ca\/wp-json\/wp\/v2\/product_cat?post=13740"},{"taxonomy":"product_tag","embeddable":true,"href":"https:\/\/farineracoromina.com\/ca\/wp-json\/wp\/v2\/product_tag?post=13740"}],"curies":[{"name":"wp","href":"https:\/\/api.w.org\/{rel}","templated":true}]}}