{"id":13744,"date":"2023-02-06T18:49:06","date_gmt":"2023-02-06T16:49:06","guid":{"rendered":"https:\/\/farineracoromina.com\/?post_type=product&#038;p=13744"},"modified":"2025-02-10T14:50:24","modified_gmt":"2025-02-10T12:50:24","slug":"farina-5e","status":"publish","type":"product","link":"https:\/\/farineracoromina.com\/ca\/producte\/farina-5e\/","title":{"rendered":"Farina 5E"},"content":{"rendered":"","protected":false},"excerpt":{"rendered":"<p>La <strong>Farina N\u00ba5E<\/strong> representa l\u2019excel\u00b7l\u00e8ncia en farines panificables de for\u00e7a mitjana. 100% neta i sense additius, destaca per la seva gran capacitat d\u2019absorci\u00f3, extensibilitat i sabor, permetent obtenir pans de qualitat excepcional. \u00c9s ideal tant per a processos en directe com per a bloc fred (fins a un 70% d\u2019hidrataci\u00f3) o fermentaci\u00f3 controlada.<\/p>\n<p>Per als amants del pa candeal, ofereix resultats \u00f2ptims, tant en fermentaci\u00f3 directa com controlada.<\/p>\n<p>A m\u00e9s, la seva resist\u00e8ncia a llargues fermentacions amb massa mare natural aporta pans amb molt de sabor i car\u00e0cter.<\/p>\n","protected":false},"featured_media":14410,"comment_status":"closed","ping_status":"closed","template":"","meta":{"_acf_changed":false},"product_brand":[],"product_cat":[179,195,159,160,206],"product_tag":[199],"class_list":{"0":"post-13744","1":"product","2":"type-product","3":"status-publish","4":"has-post-thumbnail","6":"product_cat-farines-de-mitja-forca","7":"product_cat-farines-originals","8":"product_cat-farines-per-pa","9":"product_cat-farines-per-pastisseria","10":"product_cat-mitja-forca","11":"product_tag-past","13":"first","14":"instock","15":"shipping-taxable","16":"product-type-simple"},"acf":[],"_links":{"self":[{"href":"https:\/\/farineracoromina.com\/ca\/wp-json\/wp\/v2\/product\/13744","targetHints":{"allow":["GET"]}}],"collection":[{"href":"https:\/\/farineracoromina.com\/ca\/wp-json\/wp\/v2\/product"}],"about":[{"href":"https:\/\/farineracoromina.com\/ca\/wp-json\/wp\/v2\/types\/product"}],"replies":[{"embeddable":true,"href":"https:\/\/farineracoromina.com\/ca\/wp-json\/wp\/v2\/comments?post=13744"}],"wp:featuredmedia":[{"embeddable":true,"href":"https:\/\/farineracoromina.com\/ca\/wp-json\/wp\/v2\/media\/14410"}],"wp:attachment":[{"href":"https:\/\/farineracoromina.com\/ca\/wp-json\/wp\/v2\/media?parent=13744"}],"wp:term":[{"taxonomy":"product_brand","embeddable":true,"href":"https:\/\/farineracoromina.com\/ca\/wp-json\/wp\/v2\/product_brand?post=13744"},{"taxonomy":"product_cat","embeddable":true,"href":"https:\/\/farineracoromina.com\/ca\/wp-json\/wp\/v2\/product_cat?post=13744"},{"taxonomy":"product_tag","embeddable":true,"href":"https:\/\/farineracoromina.com\/ca\/wp-json\/wp\/v2\/product_tag?post=13744"}],"curies":[{"name":"wp","href":"https:\/\/api.w.org\/{rel}","templated":true}]}}