{"id":13747,"date":"2023-02-06T18:45:09","date_gmt":"2023-02-06T16:45:09","guid":{"rendered":"https:\/\/farineracoromina.com\/?post_type=product&#038;p=13747"},"modified":"2025-02-10T14:41:11","modified_gmt":"2025-02-10T12:41:11","slug":"farina-de-segol","status":"publish","type":"product","link":"https:\/\/farineracoromina.com\/ca\/producte\/farina-de-segol\/","title":{"rendered":"Farina de S\u00e8gol"},"content":{"rendered":"","protected":false},"excerpt":{"rendered":"<p>La farina de S\u00e8gol Blanca \u00e9s ideal per a l\u2019elaboraci\u00f3 de les masses que necessiten <strong>augmentar l\u2019extensibilitat, la capacitat d\u2019hidrataci\u00f3 i la conservaci\u00f3 de les masses<\/strong>.<\/p>\n<p>Tamb\u00e9 \u00e9s una farina molt interessant per a l\u2019elaboraci\u00f3 de <strong>poolish<\/strong> o de <strong>massa mare natural<\/strong> molt gustoses amb un <strong>alt nivell de fermentaci\u00f3<\/strong>.<\/p>\n","protected":false},"featured_media":14979,"comment_status":"closed","ping_status":"closed","template":"","meta":{"_acf_changed":false},"product_brand":[],"product_cat":[188,177,159],"product_tag":[],"class_list":{"0":"post-13747","1":"product","2":"type-product","3":"status-publish","4":"has-post-thumbnail","6":"product_cat-farines-de-segol","7":"product_cat-farines-especials","8":"product_cat-farines-per-pa","10":"first","11":"instock","12":"shipping-taxable","13":"product-type-simple"},"acf":[],"_links":{"self":[{"href":"https:\/\/farineracoromina.com\/ca\/wp-json\/wp\/v2\/product\/13747","targetHints":{"allow":["GET"]}}],"collection":[{"href":"https:\/\/farineracoromina.com\/ca\/wp-json\/wp\/v2\/product"}],"about":[{"href":"https:\/\/farineracoromina.com\/ca\/wp-json\/wp\/v2\/types\/product"}],"replies":[{"embeddable":true,"href":"https:\/\/farineracoromina.com\/ca\/wp-json\/wp\/v2\/comments?post=13747"}],"wp:featuredmedia":[{"embeddable":true,"href":"https:\/\/farineracoromina.com\/ca\/wp-json\/wp\/v2\/media\/14979"}],"wp:attachment":[{"href":"https:\/\/farineracoromina.com\/ca\/wp-json\/wp\/v2\/media?parent=13747"}],"wp:term":[{"taxonomy":"product_brand","embeddable":true,"href":"https:\/\/farineracoromina.com\/ca\/wp-json\/wp\/v2\/product_brand?post=13747"},{"taxonomy":"product_cat","embeddable":true,"href":"https:\/\/farineracoromina.com\/ca\/wp-json\/wp\/v2\/product_cat?post=13747"},{"taxonomy":"product_tag","embeddable":true,"href":"https:\/\/farineracoromina.com\/ca\/wp-json\/wp\/v2\/product_tag?post=13747"}],"curies":[{"name":"wp","href":"https:\/\/api.w.org\/{rel}","templated":true}]}}