{"id":13750,"date":"2023-02-06T18:43:38","date_gmt":"2023-02-06T16:43:38","guid":{"rendered":"https:\/\/farineracoromina.com\/?post_type=product&#038;p=13750"},"modified":"2023-03-20T16:06:04","modified_gmt":"2023-03-20T14:06:04","slug":"farina-pa-gallec","status":"publish","type":"product","link":"https:\/\/farineracoromina.com\/ca\/producte\/farina-pa-gallec\/","title":{"rendered":"Farina Pa Gallec"},"content":{"rendered":"","protected":false},"excerpt":{"rendered":"<p>Aquesta farina ideal per a pa gallec est\u00e0 inspirada en una antiga recepta gallega. \u00c9s el resultat d\u2019una perfecta barreja de diferents tipus d&#8217;ingredients naturals. Rica en sabors i aromes, s\u2019aprecia un subtil toc d\u2019acidesa molt equilibrada caracter\u00edstic del<strong>\u00a0s\u00e8gol<\/strong>. Accepta una alta hidrataci\u00f3, igual o superior al 80%, i est\u00e0 perfectament adaptada per a les fermentacions en bloc en fred, i tamb\u00e9 en directe o en fermentaci\u00f3 controlada. Ideal per a realitzar les famoses barres gallegues o les <em>mo\u00f1as gallegas<\/em>, amb una molla salvatge i humida, i amb una crosta tan arom\u00e0tica i tan caracter\u00edstiques dels millors pans gallecs. Per suposat, a m\u00e9s t\u00e9 una llarga conservaci\u00f3.<\/p>\n","protected":false},"featured_media":14354,"comment_status":"closed","ping_status":"closed","template":"","meta":{"_acf_changed":false},"product_brand":[],"product_cat":[159,18],"product_tag":[],"class_list":{"0":"post-13750","1":"product","2":"type-product","3":"status-publish","4":"has-post-thumbnail","6":"product_cat-farines-per-pa","7":"product_cat-gamma-can-trull","9":"first","10":"instock","11":"shipping-taxable","12":"product-type-simple"},"acf":[],"_links":{"self":[{"href":"https:\/\/farineracoromina.com\/ca\/wp-json\/wp\/v2\/product\/13750","targetHints":{"allow":["GET"]}}],"collection":[{"href":"https:\/\/farineracoromina.com\/ca\/wp-json\/wp\/v2\/product"}],"about":[{"href":"https:\/\/farineracoromina.com\/ca\/wp-json\/wp\/v2\/types\/product"}],"replies":[{"embeddable":true,"href":"https:\/\/farineracoromina.com\/ca\/wp-json\/wp\/v2\/comments?post=13750"}],"wp:featuredmedia":[{"embeddable":true,"href":"https:\/\/farineracoromina.com\/ca\/wp-json\/wp\/v2\/media\/14354"}],"wp:attachment":[{"href":"https:\/\/farineracoromina.com\/ca\/wp-json\/wp\/v2\/media?parent=13750"}],"wp:term":[{"taxonomy":"product_brand","embeddable":true,"href":"https:\/\/farineracoromina.com\/ca\/wp-json\/wp\/v2\/product_brand?post=13750"},{"taxonomy":"product_cat","embeddable":true,"href":"https:\/\/farineracoromina.com\/ca\/wp-json\/wp\/v2\/product_cat?post=13750"},{"taxonomy":"product_tag","embeddable":true,"href":"https:\/\/farineracoromina.com\/ca\/wp-json\/wp\/v2\/product_tag?post=13750"}],"curies":[{"name":"wp","href":"https:\/\/api.w.org\/{rel}","templated":true}]}}