{"id":13751,"date":"2023-02-06T18:43:31","date_gmt":"2023-02-06T16:43:31","guid":{"rendered":"https:\/\/farineracoromina.com\/?post_type=product&#038;p=13751"},"modified":"2023-03-24T15:34:17","modified_gmt":"2023-03-24T13:34:17","slug":"farina-pirineus","status":"publish","type":"product","link":"https:\/\/farineracoromina.com\/ca\/producte\/farina-pirineus\/","title":{"rendered":"Farina Pirineus"},"content":{"rendered":"","protected":false},"excerpt":{"rendered":"<p>La Farina Pirineus \u00e9s una de les nostres farines estrella.<\/p>\n<p>\u00c9s una farina elaborada a partir de la <strong>millor selecci\u00f3 de blats de qualitat,<\/strong> amb l&#8217;objectiu d&#8217;oferir una farina excel\u00b7lent per a l&#8217;elaboraci\u00f3 de pans amb estil r\u00fastic. Aporta un toc r\u00fastic i un sabor molt agradable amb una <strong>excel\u00b7lent conservaci\u00f3<\/strong>, una escor\u00e7a cruixent i una molla cremosa i \u00fanica.<\/p>\n<p>Gr\u00e0cies a la seva<strong> alta capacitat d&#8217;hidrataci\u00f3<\/strong>, aquesta farina admet processos de <strong>llargues fermentacions amb altes hidratacions i masses mares naturals<\/strong>, permetent aix\u00ed elaborar tota mena de pans, des d&#8217;un pa pag\u00e8s fins a un pa gallec.<\/p>\n<p>La Farina Pirineus \u00e9s la farina de refer\u00e8ncia per a l&#8217;elaboraci\u00f3 de tots els pans que necessiten una farina de qualitat.<\/p>\n<p>Escollir els Pirineus \u00e9s triar la via de l&#8217;\u00e8xit.<\/p>\n","protected":false},"featured_media":14953,"comment_status":"closed","ping_status":"closed","template":"","meta":{"_acf_changed":false},"product_brand":[],"product_cat":[159,18],"product_tag":[],"class_list":{"0":"post-13751","1":"product","2":"type-product","3":"status-publish","4":"has-post-thumbnail","6":"product_cat-farines-per-pa","7":"product_cat-gamma-can-trull","9":"first","10":"instock","11":"featured","12":"shipping-taxable","13":"product-type-simple"},"acf":[],"_links":{"self":[{"href":"https:\/\/farineracoromina.com\/ca\/wp-json\/wp\/v2\/product\/13751","targetHints":{"allow":["GET"]}}],"collection":[{"href":"https:\/\/farineracoromina.com\/ca\/wp-json\/wp\/v2\/product"}],"about":[{"href":"https:\/\/farineracoromina.com\/ca\/wp-json\/wp\/v2\/types\/product"}],"replies":[{"embeddable":true,"href":"https:\/\/farineracoromina.com\/ca\/wp-json\/wp\/v2\/comments?post=13751"}],"wp:featuredmedia":[{"embeddable":true,"href":"https:\/\/farineracoromina.com\/ca\/wp-json\/wp\/v2\/media\/14953"}],"wp:attachment":[{"href":"https:\/\/farineracoromina.com\/ca\/wp-json\/wp\/v2\/media?parent=13751"}],"wp:term":[{"taxonomy":"product_brand","embeddable":true,"href":"https:\/\/farineracoromina.com\/ca\/wp-json\/wp\/v2\/product_brand?post=13751"},{"taxonomy":"product_cat","embeddable":true,"href":"https:\/\/farineracoromina.com\/ca\/wp-json\/wp\/v2\/product_cat?post=13751"},{"taxonomy":"product_tag","embeddable":true,"href":"https:\/\/farineracoromina.com\/ca\/wp-json\/wp\/v2\/product_tag?post=13751"}],"curies":[{"name":"wp","href":"https:\/\/api.w.org\/{rel}","templated":true}]}}