{"id":13752,"date":"2023-02-06T19:18:22","date_gmt":"2023-02-06T17:18:22","guid":{"rendered":"https:\/\/farineracoromina.com\/?post_type=product&#038;p=13752"},"modified":"2025-02-10T12:50:42","modified_gmt":"2025-02-10T10:50:42","slug":"farine-de-sarrasin-fajol","status":"publish","type":"product","link":"https:\/\/farineracoromina.com\/ca\/producte\/farine-de-sarrasin-fajol\/","title":{"rendered":"Farina de Fajol"},"content":{"rendered":"","protected":false},"excerpt":{"rendered":"<p>La <strong><em>Farina de Fajol<\/em> <\/strong>\u00e9s ideal per elaborar pans <strong>100% de fajol<\/strong>.<\/p>\n<p>Aquesta farina tamb\u00e9 \u00e9s molt \u00fatil quan es combina amb farina d\u2019espelta blanca o integral, especialment a trav\u00e9s d\u2019una massa escaldada (amb una hidrataci\u00f3 del 200%), ja que ajuda a reduir el percentatge de gluten del producte final.<\/p>\n<p>Es recomana utilitzar entre el 5% i el 40% de farina de fajol en la f\u00f3rmula, especialment per a pans d\u2019espelta\/fajol.<\/p>\n<p>&nbsp;<\/p>\n","protected":false},"featured_media":17174,"comment_status":"closed","ping_status":"closed","template":"","meta":{"_acf_changed":false},"product_brand":[],"product_cat":[192,159,189],"product_tag":[],"class_list":{"0":"post-13752","1":"product","2":"type-product","3":"status-publish","4":"has-post-thumbnail","6":"product_cat-altres-cereals-a-la-pedra","7":"product_cat-farines-per-pa","8":"product_cat-moulin-de-colagne","10":"first","11":"instock","12":"shipping-taxable","13":"product-type-simple"},"acf":[],"_links":{"self":[{"href":"https:\/\/farineracoromina.com\/ca\/wp-json\/wp\/v2\/product\/13752","targetHints":{"allow":["GET"]}}],"collection":[{"href":"https:\/\/farineracoromina.com\/ca\/wp-json\/wp\/v2\/product"}],"about":[{"href":"https:\/\/farineracoromina.com\/ca\/wp-json\/wp\/v2\/types\/product"}],"replies":[{"embeddable":true,"href":"https:\/\/farineracoromina.com\/ca\/wp-json\/wp\/v2\/comments?post=13752"}],"wp:featuredmedia":[{"embeddable":true,"href":"https:\/\/farineracoromina.com\/ca\/wp-json\/wp\/v2\/media\/17174"}],"wp:attachment":[{"href":"https:\/\/farineracoromina.com\/ca\/wp-json\/wp\/v2\/media?parent=13752"}],"wp:term":[{"taxonomy":"product_brand","embeddable":true,"href":"https:\/\/farineracoromina.com\/ca\/wp-json\/wp\/v2\/product_brand?post=13752"},{"taxonomy":"product_cat","embeddable":true,"href":"https:\/\/farineracoromina.com\/ca\/wp-json\/wp\/v2\/product_cat?post=13752"},{"taxonomy":"product_tag","embeddable":true,"href":"https:\/\/farineracoromina.com\/ca\/wp-json\/wp\/v2\/product_tag?post=13752"}],"curies":[{"name":"wp","href":"https:\/\/api.w.org\/{rel}","templated":true}]}}