{"id":13754,"date":"2023-02-06T20:23:42","date_gmt":"2023-02-06T18:23:42","guid":{"rendered":"https:\/\/farineracoromina.com\/?post_type=product&#038;p=13754"},"modified":"2025-02-10T12:16:37","modified_gmt":"2025-02-10T10:16:37","slug":"golden-grains","status":"publish","type":"product","link":"https:\/\/farineracoromina.com\/ca\/producte\/golden-grains\/","title":{"rendered":"Golden Grains"},"content":{"rendered":"","protected":false},"excerpt":{"rendered":"<p>El secret de la nostra <em>Golden Grains<\/em> rau en la qualitat de cada gra seleccionat, garantint els millors pans de llavors. El resultat? Una crosta caramel\u00b7litzada i una molla cremosa.<\/p>\n<p>A m\u00e9s, les llavors de gira-sol, mijo, lli marr\u00f3, lli groc, carbassa i rosella que cont\u00e9 aquesta farina aporten una riquesa incomparable en propietats i sabor.<\/p>\n<p>La <em>farina <strong>Golden Grains<\/strong><\/em> \u00e9s l&#8217;elecci\u00f3 perfecta per als forners que volen elaborar pans de llavors deliciosos, amb una crosta finament caramel\u00b7litzada, una molla cremosa i alv\u00e8ols irregulars.<\/p>\n<p><strong>Sense additius com ar\u00f2mes, enzims ni emulgents.<\/strong><\/p>\n<p>Aquesta farina \u00e9s ideal per a l\u2019elaboraci\u00f3 d\u2019una \u00e0mplia varietat de pans, des del pa de motlle amb llavors fins als pans de hamburguesa, barres, pansets, pans rodons i moltes altres del\u00edcies.<\/p>\n<p>Permet crear pans de llavors amb un sabor intens i natural, sense necessitat d\u2019afegir ar\u00f2mes, enzims ni emulgents.<\/p>\n<p>\u00c9s l&#8217;elecci\u00f3 ideal per preparar pa de motlle amb llavors, pa de hamburguesa, barres, xuscos, pans rodons i moltes altres creacions.<\/p>\n","protected":false},"featured_media":14946,"comment_status":"closed","ping_status":"closed","template":"","meta":{"_acf_changed":false},"product_brand":[],"product_cat":[159,18],"product_tag":[],"class_list":{"0":"post-13754","1":"product","2":"type-product","3":"status-publish","4":"has-post-thumbnail","6":"product_cat-farines-per-pa","7":"product_cat-gamma-can-trull","9":"first","10":"instock","11":"shipping-taxable","12":"product-type-simple"},"acf":[],"_links":{"self":[{"href":"https:\/\/farineracoromina.com\/ca\/wp-json\/wp\/v2\/product\/13754","targetHints":{"allow":["GET"]}}],"collection":[{"href":"https:\/\/farineracoromina.com\/ca\/wp-json\/wp\/v2\/product"}],"about":[{"href":"https:\/\/farineracoromina.com\/ca\/wp-json\/wp\/v2\/types\/product"}],"replies":[{"embeddable":true,"href":"https:\/\/farineracoromina.com\/ca\/wp-json\/wp\/v2\/comments?post=13754"}],"wp:featuredmedia":[{"embeddable":true,"href":"https:\/\/farineracoromina.com\/ca\/wp-json\/wp\/v2\/media\/14946"}],"wp:attachment":[{"href":"https:\/\/farineracoromina.com\/ca\/wp-json\/wp\/v2\/media?parent=13754"}],"wp:term":[{"taxonomy":"product_brand","embeddable":true,"href":"https:\/\/farineracoromina.com\/ca\/wp-json\/wp\/v2\/product_brand?post=13754"},{"taxonomy":"product_cat","embeddable":true,"href":"https:\/\/farineracoromina.com\/ca\/wp-json\/wp\/v2\/product_cat?post=13754"},{"taxonomy":"product_tag","embeddable":true,"href":"https:\/\/farineracoromina.com\/ca\/wp-json\/wp\/v2\/product_tag?post=13754"}],"curies":[{"name":"wp","href":"https:\/\/api.w.org\/{rel}","templated":true}]}}