{"id":13758,"date":"2023-02-06T19:27:40","date_gmt":"2023-02-06T17:27:40","guid":{"rendered":"https:\/\/farineracoromina.com\/?post_type=product&#038;p=13758"},"modified":"2024-04-08T09:58:57","modified_gmt":"2024-04-08T07:58:57","slug":"meule-bio-cereales-et-graines","status":"publish","type":"product","link":"https:\/\/farineracoromina.com\/ca\/producte\/meule-bio-cereales-et-graines\/","title":{"rendered":"Meule BIO C\u00e9r\u00e9ales et Graines"},"content":{"rendered":"","protected":false},"excerpt":{"rendered":"<p>La Meule BIO C\u00e9r\u00e9ales et Graines \u00e9s la <strong>farina ecol\u00f2gica a la pedra perfecta per realitzar uns pans ecol\u00f2gics amb llavors<\/strong>. Aquesta farina incorpora un millorant especialment dissenyat per millorar el comportament de la massa en treballs m\u00e9s mec\u00e0nics o exigents.<\/p>\n","protected":false},"featured_media":17120,"comment_status":"closed","ping_status":"closed","template":"","meta":{"_acf_changed":false},"product_brand":[],"product_cat":[191,159,189],"product_tag":[],"class_list":{"0":"post-13758","1":"product","2":"type-product","3":"status-publish","4":"has-post-thumbnail","6":"product_cat-a-la-pedra-bio","7":"product_cat-farines-per-pa","8":"product_cat-moulin-de-colagne","10":"first","11":"instock","12":"shipping-taxable","13":"product-type-simple"},"acf":[],"_links":{"self":[{"href":"https:\/\/farineracoromina.com\/ca\/wp-json\/wp\/v2\/product\/13758","targetHints":{"allow":["GET"]}}],"collection":[{"href":"https:\/\/farineracoromina.com\/ca\/wp-json\/wp\/v2\/product"}],"about":[{"href":"https:\/\/farineracoromina.com\/ca\/wp-json\/wp\/v2\/types\/product"}],"replies":[{"embeddable":true,"href":"https:\/\/farineracoromina.com\/ca\/wp-json\/wp\/v2\/comments?post=13758"}],"wp:featuredmedia":[{"embeddable":true,"href":"https:\/\/farineracoromina.com\/ca\/wp-json\/wp\/v2\/media\/17120"}],"wp:attachment":[{"href":"https:\/\/farineracoromina.com\/ca\/wp-json\/wp\/v2\/media?parent=13758"}],"wp:term":[{"taxonomy":"product_brand","embeddable":true,"href":"https:\/\/farineracoromina.com\/ca\/wp-json\/wp\/v2\/product_brand?post=13758"},{"taxonomy":"product_cat","embeddable":true,"href":"https:\/\/farineracoromina.com\/ca\/wp-json\/wp\/v2\/product_cat?post=13758"},{"taxonomy":"product_tag","embeddable":true,"href":"https:\/\/farineracoromina.com\/ca\/wp-json\/wp\/v2\/product_tag?post=13758"}],"curies":[{"name":"wp","href":"https:\/\/api.w.org\/{rel}","templated":true}]}}