{"id":13759,"date":"2023-02-06T19:27:33","date_gmt":"2023-02-06T17:27:33","guid":{"rendered":"https:\/\/farineracoromina.com\/?post_type=product&#038;p=13759"},"modified":"2024-04-08T14:31:50","modified_gmt":"2024-04-08T12:31:50","slug":"meule-bio-t150","status":"publish","type":"product","link":"https:\/\/farineracoromina.com\/ca\/producte\/meule-bio-t150\/","title":{"rendered":"Meule BIO T150"},"content":{"rendered":"","protected":false},"excerpt":{"rendered":"<p>Aquesta farina integral ecol\u00f2gica permet elaborar <strong>pans ecol\u00f2gics integrals<\/strong> amb excel\u00b7lent desenvolupament, aromes, sabors i textures. La <strong>seva alta capacitat d\u2019absorci\u00f3 <\/strong>l\u2019ha convertit en una de les refer\u00e8ncies del mercat dels pans ecol\u00f2gics integrals. La Meule BIO T150 permet ser utilitzada amb moltes t\u00e8cniques destacant les fermentacions llargues en fred per potenciar les seves aromes. \u00c9s la farina id\u00f2nia per a <strong>l\u2019elaboraci\u00f3 de masses mares integrals<\/strong> per obtenir pans 100% integrals. Associada a un s\u00e8gol ecol\u00f2gic integral, com la farina de S\u00e8gol ECO T130, permet elaborar uns pans de blat\/s\u00e8gol integrals deliciosos.<\/p>\n","protected":false},"featured_media":17137,"comment_status":"closed","ping_status":"closed","template":"","meta":{"_acf_changed":false},"product_brand":[],"product_cat":[191,159,189],"product_tag":[],"class_list":{"0":"post-13759","1":"product","2":"type-product","3":"status-publish","4":"has-post-thumbnail","6":"product_cat-a-la-pedra-bio","7":"product_cat-farines-per-pa","8":"product_cat-moulin-de-colagne","10":"first","11":"instock","12":"shipping-taxable","13":"product-type-simple"},"acf":[],"_links":{"self":[{"href":"https:\/\/farineracoromina.com\/ca\/wp-json\/wp\/v2\/product\/13759","targetHints":{"allow":["GET"]}}],"collection":[{"href":"https:\/\/farineracoromina.com\/ca\/wp-json\/wp\/v2\/product"}],"about":[{"href":"https:\/\/farineracoromina.com\/ca\/wp-json\/wp\/v2\/types\/product"}],"replies":[{"embeddable":true,"href":"https:\/\/farineracoromina.com\/ca\/wp-json\/wp\/v2\/comments?post=13759"}],"wp:featuredmedia":[{"embeddable":true,"href":"https:\/\/farineracoromina.com\/ca\/wp-json\/wp\/v2\/media\/17137"}],"wp:attachment":[{"href":"https:\/\/farineracoromina.com\/ca\/wp-json\/wp\/v2\/media?parent=13759"}],"wp:term":[{"taxonomy":"product_brand","embeddable":true,"href":"https:\/\/farineracoromina.com\/ca\/wp-json\/wp\/v2\/product_brand?post=13759"},{"taxonomy":"product_cat","embeddable":true,"href":"https:\/\/farineracoromina.com\/ca\/wp-json\/wp\/v2\/product_cat?post=13759"},{"taxonomy":"product_tag","embeddable":true,"href":"https:\/\/farineracoromina.com\/ca\/wp-json\/wp\/v2\/product_tag?post=13759"}],"curies":[{"name":"wp","href":"https:\/\/api.w.org\/{rel}","templated":true}]}}