{"id":13761,"date":"2023-02-06T19:26:00","date_gmt":"2023-02-06T17:26:00","guid":{"rendered":"https:\/\/farineracoromina.com\/?post_type=product&#038;p=13761"},"modified":"2025-02-10T14:07:53","modified_gmt":"2025-02-10T12:07:53","slug":"meule-bio-t80","status":"publish","type":"product","link":"https:\/\/farineracoromina.com\/ca\/producte\/meule-bio-t80\/","title":{"rendered":"Meule BIO T80"},"content":{"rendered":"","protected":false},"excerpt":{"rendered":"<p>La farina Meule Bio T80 \u00e9s una farina ecol\u00f2gica m\u00f2lta a la pedra que permet elaborar una \u00e0mplia varietat de productes, des dels m\u00e9s senzills, com pans amb llevat directe, fins als m\u00e9s sofisticats, com aquells que requereixen llargues fermentacions amb masses mares naturals.<\/p>\n<p>\u00c9s ideal per a la creaci\u00f3 de masses mares naturals, perfectes per a pans ecol\u00f2gics elaborats amb farines de m\u00f2lta a la pedra o de cilindre.<\/p>\n","protected":false},"featured_media":17137,"comment_status":"closed","ping_status":"closed","template":"","meta":{"_acf_changed":false},"product_brand":[],"product_cat":[191,159,189],"product_tag":[],"class_list":{"0":"post-13761","1":"product","2":"type-product","3":"status-publish","4":"has-post-thumbnail","6":"product_cat-a-la-pedra-bio","7":"product_cat-farines-per-pa","8":"product_cat-moulin-de-colagne","10":"first","11":"instock","12":"shipping-taxable","13":"product-type-simple"},"acf":[],"_links":{"self":[{"href":"https:\/\/farineracoromina.com\/ca\/wp-json\/wp\/v2\/product\/13761","targetHints":{"allow":["GET"]}}],"collection":[{"href":"https:\/\/farineracoromina.com\/ca\/wp-json\/wp\/v2\/product"}],"about":[{"href":"https:\/\/farineracoromina.com\/ca\/wp-json\/wp\/v2\/types\/product"}],"replies":[{"embeddable":true,"href":"https:\/\/farineracoromina.com\/ca\/wp-json\/wp\/v2\/comments?post=13761"}],"wp:featuredmedia":[{"embeddable":true,"href":"https:\/\/farineracoromina.com\/ca\/wp-json\/wp\/v2\/media\/17137"}],"wp:attachment":[{"href":"https:\/\/farineracoromina.com\/ca\/wp-json\/wp\/v2\/media?parent=13761"}],"wp:term":[{"taxonomy":"product_brand","embeddable":true,"href":"https:\/\/farineracoromina.com\/ca\/wp-json\/wp\/v2\/product_brand?post=13761"},{"taxonomy":"product_cat","embeddable":true,"href":"https:\/\/farineracoromina.com\/ca\/wp-json\/wp\/v2\/product_cat?post=13761"},{"taxonomy":"product_tag","embeddable":true,"href":"https:\/\/farineracoromina.com\/ca\/wp-json\/wp\/v2\/product_tag?post=13761"}],"curies":[{"name":"wp","href":"https:\/\/api.w.org\/{rel}","templated":true}]}}