{"id":13763,"date":"2023-02-06T19:22:50","date_gmt":"2023-02-06T17:22:50","guid":{"rendered":"https:\/\/farineracoromina.com\/?post_type=product&#038;p=13763"},"modified":"2025-02-10T11:48:02","modified_gmt":"2025-02-10T09:48:02","slug":"meule-cardabelle","status":"publish","type":"product","link":"https:\/\/farineracoromina.com\/ca\/producte\/meule-cardabelle\/","title":{"rendered":"Meule Cardabelle"},"content":{"rendered":"","protected":false},"excerpt":{"rendered":"<p>La <em>Meule Cardabelle<\/em> \u00e9s una farina especial d&#8217;alta qualitat que permet elaborar pans molt gustosos amb tocs de s\u00e8gol. Aquesta farina, m\u00f2lta a pedra, \u00e9s ideal per a treballar amb fermentacions llargues i hidratacions altes. \u00c9s perfecta per a la preparaci\u00f3 de baguets o corones.<\/p>\n","protected":false},"featured_media":17148,"comment_status":"closed","ping_status":"closed","template":"","meta":{"_acf_changed":false},"product_brand":[],"product_cat":[190,159,189],"product_tag":[],"class_list":{"0":"post-13763","1":"product","2":"type-product","3":"status-publish","4":"has-post-thumbnail","6":"product_cat-a-la-pedra","7":"product_cat-farines-per-pa","8":"product_cat-moulin-de-colagne","10":"first","11":"instock","12":"shipping-taxable","13":"product-type-simple"},"acf":[],"_links":{"self":[{"href":"https:\/\/farineracoromina.com\/ca\/wp-json\/wp\/v2\/product\/13763","targetHints":{"allow":["GET"]}}],"collection":[{"href":"https:\/\/farineracoromina.com\/ca\/wp-json\/wp\/v2\/product"}],"about":[{"href":"https:\/\/farineracoromina.com\/ca\/wp-json\/wp\/v2\/types\/product"}],"replies":[{"embeddable":true,"href":"https:\/\/farineracoromina.com\/ca\/wp-json\/wp\/v2\/comments?post=13763"}],"wp:featuredmedia":[{"embeddable":true,"href":"https:\/\/farineracoromina.com\/ca\/wp-json\/wp\/v2\/media\/17148"}],"wp:attachment":[{"href":"https:\/\/farineracoromina.com\/ca\/wp-json\/wp\/v2\/media?parent=13763"}],"wp:term":[{"taxonomy":"product_brand","embeddable":true,"href":"https:\/\/farineracoromina.com\/ca\/wp-json\/wp\/v2\/product_brand?post=13763"},{"taxonomy":"product_cat","embeddable":true,"href":"https:\/\/farineracoromina.com\/ca\/wp-json\/wp\/v2\/product_cat?post=13763"},{"taxonomy":"product_tag","embeddable":true,"href":"https:\/\/farineracoromina.com\/ca\/wp-json\/wp\/v2\/product_tag?post=13763"}],"curies":[{"name":"wp","href":"https:\/\/api.w.org\/{rel}","templated":true}]}}