{"id":13787,"date":"2023-03-14T12:41:27","date_gmt":"2023-03-14T10:41:27","guid":{"rendered":"https:\/\/farineracoromina.com\/?post_type=product&#038;p=13787"},"modified":"2023-03-21T14:03:24","modified_gmt":"2023-03-21T12:03:24","slug":"farina-darros","status":"publish","type":"product","link":"https:\/\/farineracoromina.com\/ca\/producte\/farina-darros\/","title":{"rendered":"Farina d&#8217;Arr\u00f2s"},"content":{"rendered":"","protected":false},"excerpt":{"rendered":"<p>La Farina d\u2019Arr\u00f2s s\u2019utilitza per <strong>creacions associades<\/strong> amb l\u2019elaboraci\u00f3 de pans d\u2019arr\u00f2s i espelta, fent un escaldat d\u2019arr\u00f2s. Aquesta farina tamb\u00e9 \u00e9s molt \u00fatil per empolsar les teles de lli quan es treballa en <strong>fermentaci\u00f3 controlada<\/strong>.<\/p>\n","protected":false},"featured_media":14461,"comment_status":"open","ping_status":"closed","template":"","meta":{"_acf_changed":false},"product_brand":[],"product_cat":[184,159],"product_tag":[],"class_list":{"0":"post-13787","1":"product","2":"type-product","3":"status-publish","4":"has-post-thumbnail","6":"product_cat-altres-cereals","7":"product_cat-farines-per-pa","9":"first","10":"instock","11":"shipping-taxable","12":"product-type-simple"},"acf":[],"_links":{"self":[{"href":"https:\/\/farineracoromina.com\/ca\/wp-json\/wp\/v2\/product\/13787","targetHints":{"allow":["GET"]}}],"collection":[{"href":"https:\/\/farineracoromina.com\/ca\/wp-json\/wp\/v2\/product"}],"about":[{"href":"https:\/\/farineracoromina.com\/ca\/wp-json\/wp\/v2\/types\/product"}],"replies":[{"embeddable":true,"href":"https:\/\/farineracoromina.com\/ca\/wp-json\/wp\/v2\/comments?post=13787"}],"wp:featuredmedia":[{"embeddable":true,"href":"https:\/\/farineracoromina.com\/ca\/wp-json\/wp\/v2\/media\/14461"}],"wp:attachment":[{"href":"https:\/\/farineracoromina.com\/ca\/wp-json\/wp\/v2\/media?parent=13787"}],"wp:term":[{"taxonomy":"product_brand","embeddable":true,"href":"https:\/\/farineracoromina.com\/ca\/wp-json\/wp\/v2\/product_brand?post=13787"},{"taxonomy":"product_cat","embeddable":true,"href":"https:\/\/farineracoromina.com\/ca\/wp-json\/wp\/v2\/product_cat?post=13787"},{"taxonomy":"product_tag","embeddable":true,"href":"https:\/\/farineracoromina.com\/ca\/wp-json\/wp\/v2\/product_tag?post=13787"}],"curies":[{"name":"wp","href":"https:\/\/api.w.org\/{rel}","templated":true}]}}