{"id":13789,"date":"2023-03-14T12:44:19","date_gmt":"2023-03-14T10:44:19","guid":{"rendered":"https:\/\/farineracoromina.com\/?post_type=product&#038;p=13789"},"modified":"2025-04-16T11:36:23","modified_gmt":"2025-04-16T09:36:23","slug":"farina-despelta-blanca","status":"publish","type":"product","link":"https:\/\/farineracoromina.com\/ca\/producte\/farina-despelta-blanca\/","title":{"rendered":"Farina d\u2019Espelta Blanca"},"content":{"rendered":"","protected":false},"excerpt":{"rendered":"<p>La nostra farina d\u2019Espelta \u00e9s, sens dubte, una de les farines d\u2019altres cereals que m\u00e9s agraden als forners. \u00c9s una farina que s\u2019ha convertit en la\u00a0<strong>farina estrella de molts obradors<\/strong>\u00a0no nom\u00e9s per la seva capacitat de crear uns pans 100% d\u2019espelta, sin\u00f3 tamb\u00e9 per la seva capacitat d\u2019associar-se amb farines d\u2019altres cereals com les de blat de moro, quinoa o fajol. L<strong>\u2019associaci\u00f3 amb farines d\u2019altres cereals<\/strong>\u00a0es pot fer a trav\u00e9s de masses escaldades de manera molt f\u00e0cil i amb uns resultats de gran qualitat. La Farina d\u2019Espelta Blanca permet fer pastes, galetes, pizzes i s\u2019adapta tant a treballs en directe com en llargues fermentacions, amb o sense massa mare. Es tracta d\u2019un\u00a0<strong>aliment amb hist\u00f2ria<\/strong>\u00a0que s\u2019ha recuperat per les seves propietats nutricionals i la seva aportaci\u00f3 d\u2019energia. L\u2019espelta \u00e9s molt resistent a les condicions climatol\u00f2giques adverses. A m\u00e9s, el seu cultiu s\u2019ha mantingut al llarg del temps de manera tradicional, preservant totes les seves qualitats.<\/p>\n","protected":false},"featured_media":18736,"comment_status":"open","ping_status":"closed","template":"","meta":{"_acf_changed":false},"product_brand":[],"product_cat":[186,177,159],"product_tag":[],"class_list":{"0":"post-13789","1":"product","2":"type-product","3":"status-publish","4":"has-post-thumbnail","6":"product_cat-farines-despelta","7":"product_cat-farines-especials","8":"product_cat-farines-per-pa","10":"first","11":"instock","12":"shipping-taxable","13":"product-type-simple"},"acf":[],"_links":{"self":[{"href":"https:\/\/farineracoromina.com\/ca\/wp-json\/wp\/v2\/product\/13789","targetHints":{"allow":["GET"]}}],"collection":[{"href":"https:\/\/farineracoromina.com\/ca\/wp-json\/wp\/v2\/product"}],"about":[{"href":"https:\/\/farineracoromina.com\/ca\/wp-json\/wp\/v2\/types\/product"}],"replies":[{"embeddable":true,"href":"https:\/\/farineracoromina.com\/ca\/wp-json\/wp\/v2\/comments?post=13789"}],"wp:featuredmedia":[{"embeddable":true,"href":"https:\/\/farineracoromina.com\/ca\/wp-json\/wp\/v2\/media\/18736"}],"wp:attachment":[{"href":"https:\/\/farineracoromina.com\/ca\/wp-json\/wp\/v2\/media?parent=13789"}],"wp:term":[{"taxonomy":"product_brand","embeddable":true,"href":"https:\/\/farineracoromina.com\/ca\/wp-json\/wp\/v2\/product_brand?post=13789"},{"taxonomy":"product_cat","embeddable":true,"href":"https:\/\/farineracoromina.com\/ca\/wp-json\/wp\/v2\/product_cat?post=13789"},{"taxonomy":"product_tag","embeddable":true,"href":"https:\/\/farineracoromina.com\/ca\/wp-json\/wp\/v2\/product_tag?post=13789"}],"curies":[{"name":"wp","href":"https:\/\/api.w.org\/{rel}","templated":true}]}}