{"id":13797,"date":"2023-03-14T13:09:49","date_gmt":"2023-03-14T11:09:49","guid":{"rendered":"https:\/\/farineracoromina.com\/?post_type=product&#038;p=13797"},"modified":"2024-04-03T18:08:22","modified_gmt":"2024-04-03T16:08:22","slug":"gran-forza","status":"publish","type":"product","link":"https:\/\/farineracoromina.com\/ca\/producte\/gran-forza\/","title":{"rendered":"Gran Forza"},"content":{"rendered":"","protected":false},"excerpt":{"rendered":"<p>Farina de gran for\u00e7a amb una \u00f2ptima tenacitat i una capacitat d&#8217;absorci\u00f3 d&#8217;aigua alta.<br \/>\nIdeal per a preferments i per fer pastats directes per a fermentacions llargues.<\/p>\n<p><strong>For\u00e7a: 400w -440w<\/strong><\/p>\n","protected":false},"featured_media":17107,"comment_status":"open","ping_status":"closed","template":"","meta":{"_acf_changed":false},"product_brand":[],"product_cat":[161],"product_tag":[],"class_list":{"0":"post-13797","1":"product","2":"type-product","3":"status-publish","4":"has-post-thumbnail","6":"product_cat-farines-per-pizza","8":"first","9":"instock","10":"shipping-taxable","11":"product-type-simple"},"acf":[],"_links":{"self":[{"href":"https:\/\/farineracoromina.com\/ca\/wp-json\/wp\/v2\/product\/13797","targetHints":{"allow":["GET"]}}],"collection":[{"href":"https:\/\/farineracoromina.com\/ca\/wp-json\/wp\/v2\/product"}],"about":[{"href":"https:\/\/farineracoromina.com\/ca\/wp-json\/wp\/v2\/types\/product"}],"replies":[{"embeddable":true,"href":"https:\/\/farineracoromina.com\/ca\/wp-json\/wp\/v2\/comments?post=13797"}],"wp:featuredmedia":[{"embeddable":true,"href":"https:\/\/farineracoromina.com\/ca\/wp-json\/wp\/v2\/media\/17107"}],"wp:attachment":[{"href":"https:\/\/farineracoromina.com\/ca\/wp-json\/wp\/v2\/media?parent=13797"}],"wp:term":[{"taxonomy":"product_brand","embeddable":true,"href":"https:\/\/farineracoromina.com\/ca\/wp-json\/wp\/v2\/product_brand?post=13797"},{"taxonomy":"product_cat","embeddable":true,"href":"https:\/\/farineracoromina.com\/ca\/wp-json\/wp\/v2\/product_cat?post=13797"},{"taxonomy":"product_tag","embeddable":true,"href":"https:\/\/farineracoromina.com\/ca\/wp-json\/wp\/v2\/product_tag?post=13797"}],"curies":[{"name":"wp","href":"https:\/\/api.w.org\/{rel}","templated":true}]}}