{"id":500,"date":"2023-02-06T20:23:24","date_gmt":"2023-02-06T18:23:24","guid":{"rendered":"https:\/\/farineracoromina.com\/?post_type=product&#038;p=500"},"modified":"2023-03-24T15:33:07","modified_gmt":"2023-03-24T13:33:07","slug":"artesana","status":"publish","type":"product","link":"https:\/\/farineracoromina.com\/ca\/producte\/artesana\/","title":{"rendered":"Artesana"},"content":{"rendered":"","protected":false},"excerpt":{"rendered":"<p>La farina Artesana esta feta per elaborar uns pans comuns d&#8217;excel\u00b7lent qualitat. \u00c9s una farina amb un potencial d&#8217;hidrataci\u00f3 superior a la mitjana, molt f\u00e0cil de treballar a m\u00e0 i de forma mecanitzada, a m\u00e9s de tenir un major nivell de conservaci\u00f3.<\/p>\n<p>Les barrejes de farines panificables i a la pedra utilitzades per la seva formulaci\u00f3 fan d&#8217;aquesta farina una soluci\u00f3 <strong>innovadora<\/strong>.<\/p>\n<p>Amb la farina Artesana obtindreu uns pans amb una escor\u00e7a lleugerament r\u00fastica i una molla groguenca i irregular. \u00c9s rica en sabor i aroma. La seva polival\u00e8ncia permet treballar-la en directe, en bloc en fred o en fermentaci\u00f3 controlada.<\/p>\n","protected":false},"featured_media":14948,"comment_status":"closed","ping_status":"closed","template":"","meta":{"_acf_changed":false},"product_brand":[],"product_cat":[159,18],"product_tag":[],"class_list":{"0":"post-500","1":"product","2":"type-product","3":"status-publish","4":"has-post-thumbnail","6":"product_cat-farines-per-pa","7":"product_cat-gamma-can-trull","9":"first","10":"instock","11":"shipping-taxable","12":"product-type-simple"},"acf":[],"_links":{"self":[{"href":"https:\/\/farineracoromina.com\/ca\/wp-json\/wp\/v2\/product\/500","targetHints":{"allow":["GET"]}}],"collection":[{"href":"https:\/\/farineracoromina.com\/ca\/wp-json\/wp\/v2\/product"}],"about":[{"href":"https:\/\/farineracoromina.com\/ca\/wp-json\/wp\/v2\/types\/product"}],"replies":[{"embeddable":true,"href":"https:\/\/farineracoromina.com\/ca\/wp-json\/wp\/v2\/comments?post=500"}],"wp:featuredmedia":[{"embeddable":true,"href":"https:\/\/farineracoromina.com\/ca\/wp-json\/wp\/v2\/media\/14948"}],"wp:attachment":[{"href":"https:\/\/farineracoromina.com\/ca\/wp-json\/wp\/v2\/media?parent=500"}],"wp:term":[{"taxonomy":"product_brand","embeddable":true,"href":"https:\/\/farineracoromina.com\/ca\/wp-json\/wp\/v2\/product_brand?post=500"},{"taxonomy":"product_cat","embeddable":true,"href":"https:\/\/farineracoromina.com\/ca\/wp-json\/wp\/v2\/product_cat?post=500"},{"taxonomy":"product_tag","embeddable":true,"href":"https:\/\/farineracoromina.com\/ca\/wp-json\/wp\/v2\/product_tag?post=500"}],"curies":[{"name":"wp","href":"https:\/\/api.w.org\/{rel}","templated":true}]}}