{"id":501,"date":"2023-02-06T19:13:18","date_gmt":"2023-02-06T17:13:18","guid":{"rendered":"https:\/\/farineracoromina.com\/?post_type=product&#038;p=501"},"modified":"2023-03-21T13:57:29","modified_gmt":"2023-03-21T11:57:29","slug":"barreja-de-5-llavors","status":"publish","type":"product","link":"https:\/\/farineracoromina.com\/ca\/producte\/barreja-de-5-llavors\/","title":{"rendered":"Barreja de 5 Llavors"},"content":{"rendered":"","protected":false},"excerpt":{"rendered":"<p>La Barreja de 5 Llavors est\u00e0 seleccionada i preparada per fer pans de cereals. Es recomana que s\u2019utilitzi amb una dosificaci\u00f3 del 10-15% sobre la farina o del 15-25% en el cas d\u2019utilitzar les llavors en remull. <strong>Consell: Una vegada torrades, es poden remullar en aigua per potenciar encara m\u00e9s les seves aromes. Utilitzar 1.000 kg de llavors torrades (calent) 1.000 d\u2019aigua<\/strong>. Remullar 24 hores per un resultat \u00f2ptim. Aquesta farina tamb\u00e9 es pot utilitzar de topping que permetr\u00e0 donar uns aromes intensos de llavors torrades. Es poden utilitzar tal qual o torrades en el forn per desenvolupar uns aromes m\u00e9s intensos, abans d\u2019integrar-la a les f\u00f3rmules. Amb la Barreja de 5 Llavors tindr\u00e0s un m\u00f3n de possibilitats per fer un producte totalment personalitzat que permetr\u00e0 marcar la difer\u00e8ncia.<\/p>\n","protected":false},"featured_media":14461,"comment_status":"closed","ping_status":"closed","template":"","meta":{"_acf_changed":false},"product_brand":[],"product_cat":[184,159],"product_tag":[],"class_list":{"0":"post-501","1":"product","2":"type-product","3":"status-publish","4":"has-post-thumbnail","6":"product_cat-altres-cereals","7":"product_cat-farines-per-pa","9":"first","10":"instock","11":"shipping-taxable","12":"product-type-simple"},"acf":[],"_links":{"self":[{"href":"https:\/\/farineracoromina.com\/ca\/wp-json\/wp\/v2\/product\/501","targetHints":{"allow":["GET"]}}],"collection":[{"href":"https:\/\/farineracoromina.com\/ca\/wp-json\/wp\/v2\/product"}],"about":[{"href":"https:\/\/farineracoromina.com\/ca\/wp-json\/wp\/v2\/types\/product"}],"replies":[{"embeddable":true,"href":"https:\/\/farineracoromina.com\/ca\/wp-json\/wp\/v2\/comments?post=501"}],"wp:featuredmedia":[{"embeddable":true,"href":"https:\/\/farineracoromina.com\/ca\/wp-json\/wp\/v2\/media\/14461"}],"wp:attachment":[{"href":"https:\/\/farineracoromina.com\/ca\/wp-json\/wp\/v2\/media?parent=501"}],"wp:term":[{"taxonomy":"product_brand","embeddable":true,"href":"https:\/\/farineracoromina.com\/ca\/wp-json\/wp\/v2\/product_brand?post=501"},{"taxonomy":"product_cat","embeddable":true,"href":"https:\/\/farineracoromina.com\/ca\/wp-json\/wp\/v2\/product_cat?post=501"},{"taxonomy":"product_tag","embeddable":true,"href":"https:\/\/farineracoromina.com\/ca\/wp-json\/wp\/v2\/product_tag?post=501"}],"curies":[{"name":"wp","href":"https:\/\/api.w.org\/{rel}","templated":true}]}}