{"id":503,"date":"2023-02-06T18:45:57","date_gmt":"2023-02-06T16:45:57","guid":{"rendered":"https:\/\/farineracoromina.com\/?post_type=product&#038;p=503"},"modified":"2023-03-24T15:42:41","modified_gmt":"2023-03-24T13:42:41","slug":"es-farina-de-girona-1","status":"publish","type":"product","link":"https:\/\/farineracoromina.com\/ca\/producte\/es-farina-de-girona-1\/","title":{"rendered":"\u00c9s Farina de Girona 1"},"content":{"rendered":"","protected":false},"excerpt":{"rendered":"<p>Amb la varietat de blats que conformen la \u201c\u00c9s farina de Girona 1\u201d, obtenim una farina de mitja for\u00e7a, que \u00e9s ideal per a treballar en cambra de fermentaci\u00f3 controlada i fermentaci\u00f3 en bloc en cambra de refrigeraci\u00f3.<\/p>\n<p>Aquesta farina de Km 0 \u00e9s ideal per a fer un pa de pag\u00e8s, m\u00e9s sabor\u00f3s, amb un bon volum i un nivell d\u2019hidrataci\u00f3 m\u00e9s alt de l\u2019habitual. \u00c9s perfecte per fer qualsevol tipus de pe\u00e7a que requereixi una farina d\u2019alta qualitat amb un bon nivell de gluten.<\/p>\n[video width=\"640\" height=\"350\" mp4=\"https:\/\/farineracoromina.com\/wp-content\/uploads\/2018\/04\/CAPSULA-ES-FARINA-DE-GIRONA.mp4\"][\/video]\n","protected":false},"featured_media":14974,"comment_status":"closed","ping_status":"closed","template":"","meta":{"_acf_changed":false},"product_brand":[],"product_cat":[185,177,159],"product_tag":[],"class_list":{"0":"post-503","1":"product","2":"type-product","3":"status-publish","4":"has-post-thumbnail","6":"product_cat-es-farina-de-girona-km0","7":"product_cat-farines-especials","8":"product_cat-farines-per-pa","9":"pa_format-25kg","11":"first","12":"instock","13":"shipping-taxable","14":"product-type-simple"},"acf":[],"_links":{"self":[{"href":"https:\/\/farineracoromina.com\/ca\/wp-json\/wp\/v2\/product\/503","targetHints":{"allow":["GET"]}}],"collection":[{"href":"https:\/\/farineracoromina.com\/ca\/wp-json\/wp\/v2\/product"}],"about":[{"href":"https:\/\/farineracoromina.com\/ca\/wp-json\/wp\/v2\/types\/product"}],"replies":[{"embeddable":true,"href":"https:\/\/farineracoromina.com\/ca\/wp-json\/wp\/v2\/comments?post=503"}],"wp:featuredmedia":[{"embeddable":true,"href":"https:\/\/farineracoromina.com\/ca\/wp-json\/wp\/v2\/media\/14974"}],"wp:attachment":[{"href":"https:\/\/farineracoromina.com\/ca\/wp-json\/wp\/v2\/media?parent=503"}],"wp:term":[{"taxonomy":"product_brand","embeddable":true,"href":"https:\/\/farineracoromina.com\/ca\/wp-json\/wp\/v2\/product_brand?post=503"},{"taxonomy":"product_cat","embeddable":true,"href":"https:\/\/farineracoromina.com\/ca\/wp-json\/wp\/v2\/product_cat?post=503"},{"taxonomy":"product_tag","embeddable":true,"href":"https:\/\/farineracoromina.com\/ca\/wp-json\/wp\/v2\/product_tag?post=503"}],"curies":[{"name":"wp","href":"https:\/\/api.w.org\/{rel}","templated":true}]}}