{"id":506,"date":"2023-02-06T18:44:03","date_gmt":"2023-02-06T16:44:03","guid":{"rendered":"https:\/\/farineracoromina.com\/?post_type=product&#038;p=506"},"modified":"2023-03-23T18:56:49","modified_gmt":"2023-03-23T16:56:49","slug":"farina-1e","status":"publish","type":"product","link":"https:\/\/farineracoromina.com\/ca\/producte\/farina-1e\/","title":{"rendered":"Farina 1E"},"content":{"rendered":"","protected":false},"excerpt":{"rendered":"<p><b>Farina de gran for\u00e7a<\/b>\u00a0<b>especialment dissenyada per aguantar els processos m\u00e9s exigents<\/b> com l\u2019elaboraci\u00f3 de pans de vidre, ensa\u00efmades o brioixos de mantega amb massa mare. \u00c9s tamb\u00e9 la farina perfecta per als Tortells de Reis o Coques de Sant Joan en directe o en congelat cru. Permet igualment l&#8217;elaboraci\u00f3 de croissants amb massa mare natural en directe, en fred de 24:00 o 48:00 o congelats.<\/p>\n","protected":false},"featured_media":14344,"comment_status":"closed","ping_status":"closed","template":"","meta":{"_acf_changed":false},"product_brand":[],"product_cat":[178,195,159,160,204],"product_tag":[],"class_list":{"0":"post-506","1":"product","2":"type-product","3":"status-publish","4":"has-post-thumbnail","6":"product_cat-farines-de-forca","7":"product_cat-farines-originals","8":"product_cat-farines-per-pa","9":"product_cat-farines-per-pastisseria","10":"product_cat-gran-forca","12":"first","13":"instock","14":"shipping-taxable","15":"product-type-simple"},"acf":[],"_links":{"self":[{"href":"https:\/\/farineracoromina.com\/ca\/wp-json\/wp\/v2\/product\/506","targetHints":{"allow":["GET"]}}],"collection":[{"href":"https:\/\/farineracoromina.com\/ca\/wp-json\/wp\/v2\/product"}],"about":[{"href":"https:\/\/farineracoromina.com\/ca\/wp-json\/wp\/v2\/types\/product"}],"replies":[{"embeddable":true,"href":"https:\/\/farineracoromina.com\/ca\/wp-json\/wp\/v2\/comments?post=506"}],"wp:featuredmedia":[{"embeddable":true,"href":"https:\/\/farineracoromina.com\/ca\/wp-json\/wp\/v2\/media\/14344"}],"wp:attachment":[{"href":"https:\/\/farineracoromina.com\/ca\/wp-json\/wp\/v2\/media?parent=506"}],"wp:term":[{"taxonomy":"product_brand","embeddable":true,"href":"https:\/\/farineracoromina.com\/ca\/wp-json\/wp\/v2\/product_brand?post=506"},{"taxonomy":"product_cat","embeddable":true,"href":"https:\/\/farineracoromina.com\/ca\/wp-json\/wp\/v2\/product_cat?post=506"},{"taxonomy":"product_tag","embeddable":true,"href":"https:\/\/farineracoromina.com\/ca\/wp-json\/wp\/v2\/product_tag?post=506"}],"curies":[{"name":"wp","href":"https:\/\/api.w.org\/{rel}","templated":true}]}}