{"id":508,"date":"2023-02-06T18:47:34","date_gmt":"2023-02-06T16:47:34","guid":{"rendered":"https:\/\/farineracoromina.com\/?post_type=product&#038;p=508"},"modified":"2023-03-21T14:51:10","modified_gmt":"2023-03-21T12:51:10","slug":"farina-3","status":"publish","type":"product","link":"https:\/\/farineracoromina.com\/ca\/producte\/farina-3\/","title":{"rendered":"Farina 3"},"content":{"rendered":"","protected":false},"excerpt":{"rendered":"<p>Farina molt polivalent capa\u00e7 d\u2019aguantar processos de fermentaci\u00f3 llargs i hidratacions de mitjanes a mitjanes-altes amb o sense massa mare natural. La Farina N\u00ba3 est\u00e0 dissenyada per a l\u2019elaboraci\u00f3 de pa com\u00fa en directe, en bloc en fred o en fermentaci\u00f3 controlada.<\/p>\n","protected":false},"featured_media":14408,"comment_status":"closed","ping_status":"closed","template":"","meta":{"_acf_changed":false},"product_brand":[],"product_cat":[179,195,159],"product_tag":[],"class_list":{"0":"post-508","1":"product","2":"type-product","3":"status-publish","4":"has-post-thumbnail","6":"product_cat-farines-de-mitja-forca","7":"product_cat-farines-originals","8":"product_cat-farines-per-pa","10":"first","11":"instock","12":"shipping-taxable","13":"product-type-simple"},"acf":[],"_links":{"self":[{"href":"https:\/\/farineracoromina.com\/ca\/wp-json\/wp\/v2\/product\/508","targetHints":{"allow":["GET"]}}],"collection":[{"href":"https:\/\/farineracoromina.com\/ca\/wp-json\/wp\/v2\/product"}],"about":[{"href":"https:\/\/farineracoromina.com\/ca\/wp-json\/wp\/v2\/types\/product"}],"replies":[{"embeddable":true,"href":"https:\/\/farineracoromina.com\/ca\/wp-json\/wp\/v2\/comments?post=508"}],"wp:featuredmedia":[{"embeddable":true,"href":"https:\/\/farineracoromina.com\/ca\/wp-json\/wp\/v2\/media\/14408"}],"wp:attachment":[{"href":"https:\/\/farineracoromina.com\/ca\/wp-json\/wp\/v2\/media?parent=508"}],"wp:term":[{"taxonomy":"product_brand","embeddable":true,"href":"https:\/\/farineracoromina.com\/ca\/wp-json\/wp\/v2\/product_brand?post=508"},{"taxonomy":"product_cat","embeddable":true,"href":"https:\/\/farineracoromina.com\/ca\/wp-json\/wp\/v2\/product_cat?post=508"},{"taxonomy":"product_tag","embeddable":true,"href":"https:\/\/farineracoromina.com\/ca\/wp-json\/wp\/v2\/product_tag?post=508"}],"curies":[{"name":"wp","href":"https:\/\/api.w.org\/{rel}","templated":true}]}}