{"id":516,"date":"2023-02-06T18:45:24","date_gmt":"2023-02-06T16:45:24","guid":{"rendered":"https:\/\/farineracoromina.com\/?post_type=product&#038;p=516"},"modified":"2023-03-24T15:33:29","modified_gmt":"2023-03-24T13:33:29","slug":"farina-croissants","status":"publish","type":"product","link":"https:\/\/farineracoromina.com\/ca\/producte\/farina-croissants\/","title":{"rendered":"Farina Croissants"},"content":{"rendered":"","protected":false},"excerpt":{"rendered":"<p><strong>Farina de for\u00e7a<\/strong> que es caracteritza per tenir <strong>una molt bona extensibilitat<\/strong> <strong>de forma natural<\/strong> ideal per a l\u2019elaboraci\u00f3 de masses fullades i croissants al pur estil franc\u00e8s. La farina Croissants admet tot tipus de processos de treball ja sigui en directe, en bloc en fred, fermentaci\u00f3 controlada, etc.<\/p>\n","protected":false},"featured_media":14949,"comment_status":"closed","ping_status":"closed","template":"","meta":{"_acf_changed":false},"product_brand":[],"product_cat":[207,159,160,18],"product_tag":[200],"class_list":{"0":"post-516","1":"product","2":"type-product","3":"status-publish","4":"has-post-thumbnail","6":"product_cat-can-trull","7":"product_cat-farines-per-pa","8":"product_cat-farines-per-pastisseria","9":"product_cat-gamma-can-trull","10":"product_tag-pastisseria","12":"first","13":"instock","14":"shipping-taxable","15":"product-type-simple"},"acf":[],"_links":{"self":[{"href":"https:\/\/farineracoromina.com\/ca\/wp-json\/wp\/v2\/product\/516","targetHints":{"allow":["GET"]}}],"collection":[{"href":"https:\/\/farineracoromina.com\/ca\/wp-json\/wp\/v2\/product"}],"about":[{"href":"https:\/\/farineracoromina.com\/ca\/wp-json\/wp\/v2\/types\/product"}],"replies":[{"embeddable":true,"href":"https:\/\/farineracoromina.com\/ca\/wp-json\/wp\/v2\/comments?post=516"}],"wp:featuredmedia":[{"embeddable":true,"href":"https:\/\/farineracoromina.com\/ca\/wp-json\/wp\/v2\/media\/14949"}],"wp:attachment":[{"href":"https:\/\/farineracoromina.com\/ca\/wp-json\/wp\/v2\/media?parent=516"}],"wp:term":[{"taxonomy":"product_brand","embeddable":true,"href":"https:\/\/farineracoromina.com\/ca\/wp-json\/wp\/v2\/product_brand?post=516"},{"taxonomy":"product_cat","embeddable":true,"href":"https:\/\/farineracoromina.com\/ca\/wp-json\/wp\/v2\/product_cat?post=516"},{"taxonomy":"product_tag","embeddable":true,"href":"https:\/\/farineracoromina.com\/ca\/wp-json\/wp\/v2\/product_tag?post=516"}],"curies":[{"name":"wp","href":"https:\/\/api.w.org\/{rel}","templated":true}]}}