{"id":517,"date":"2023-02-06T19:13:08","date_gmt":"2023-02-06T17:13:08","guid":{"rendered":"https:\/\/farineracoromina.com\/?post_type=product&#038;p=517"},"modified":"2023-03-21T14:05:38","modified_gmt":"2023-03-21T12:05:38","slug":"farina-de-blat-de-moro","status":"publish","type":"product","link":"https:\/\/farineracoromina.com\/ca\/producte\/farina-de-blat-de-moro\/","title":{"rendered":"Farina de Blat de Moro"},"content":{"rendered":"","protected":false},"excerpt":{"rendered":"<p>La nostra farina de Blat de Moro est\u00e0 <strong>elaborada amb 100% blat de moro groc<\/strong>. S\u2019utilitza de manera general per masses escaldades amb uns percentatges elevats d\u2019aigua (150%) per integrar-la f\u00e0cilment a f\u00f3rmules de pans d\u2019espelta i blat de moro, per exemple. Tamb\u00e9 es pot utilitzar per empolsar les teles de lli o, un cop barrejada amb farina panificable tradicional per donar un toc cruixent a les crostes dels pans r\u00fastics, per exemple. La Farina de Blat de Moro \u00e9s ideal per donar un <strong>toc dol\u00e7<\/strong> a les creacions.<\/p>\n","protected":false},"featured_media":14461,"comment_status":"closed","ping_status":"closed","template":"","meta":{"_acf_changed":false},"product_brand":[],"product_cat":[184,159],"product_tag":[],"class_list":{"0":"post-517","1":"product","2":"type-product","3":"status-publish","4":"has-post-thumbnail","6":"product_cat-altres-cereals","7":"product_cat-farines-per-pa","9":"first","10":"instock","11":"shipping-taxable","12":"product-type-simple"},"acf":[],"_links":{"self":[{"href":"https:\/\/farineracoromina.com\/ca\/wp-json\/wp\/v2\/product\/517","targetHints":{"allow":["GET"]}}],"collection":[{"href":"https:\/\/farineracoromina.com\/ca\/wp-json\/wp\/v2\/product"}],"about":[{"href":"https:\/\/farineracoromina.com\/ca\/wp-json\/wp\/v2\/types\/product"}],"replies":[{"embeddable":true,"href":"https:\/\/farineracoromina.com\/ca\/wp-json\/wp\/v2\/comments?post=517"}],"wp:featuredmedia":[{"embeddable":true,"href":"https:\/\/farineracoromina.com\/ca\/wp-json\/wp\/v2\/media\/14461"}],"wp:attachment":[{"href":"https:\/\/farineracoromina.com\/ca\/wp-json\/wp\/v2\/media?parent=517"}],"wp:term":[{"taxonomy":"product_brand","embeddable":true,"href":"https:\/\/farineracoromina.com\/ca\/wp-json\/wp\/v2\/product_brand?post=517"},{"taxonomy":"product_cat","embeddable":true,"href":"https:\/\/farineracoromina.com\/ca\/wp-json\/wp\/v2\/product_cat?post=517"},{"taxonomy":"product_tag","embeddable":true,"href":"https:\/\/farineracoromina.com\/ca\/wp-json\/wp\/v2\/product_tag?post=517"}],"curies":[{"name":"wp","href":"https:\/\/api.w.org\/{rel}","templated":true}]}}