{"id":521,"date":"2023-02-06T19:16:39","date_gmt":"2023-02-06T17:16:39","guid":{"rendered":"https:\/\/farineracoromina.com\/?post_type=product&#038;p=521"},"modified":"2023-03-21T14:04:47","modified_gmt":"2023-03-21T12:04:47","slug":"farina-de-malta-torrada","status":"publish","type":"product","link":"https:\/\/farineracoromina.com\/ca\/producte\/farina-de-malta-torrada\/","title":{"rendered":"Farina de Malta Torrada"},"content":{"rendered":"","protected":false},"excerpt":{"rendered":"<p>La <strong>farina de Malta Torrada<\/strong> permet personalitzar les teves creacions. Amb una petita dosis ofereix al pa un color daurat fosc i un sabor suau, dol\u00e7 i torrat.<\/p>\n<p>La malta \u00e9s el producte que s\u2019obt\u00e9 a partir de mullar i assecar r\u00e0pidament, normalment amb aire calent (t\u00e8cnica de torrat) diferents llavors, per exemple de blat, s\u00e8gol o civada. Aquest proc\u00e9s fa que el gra desenvolupi uns enzims que converteixen el mid\u00f3 en sucre.<\/p>\n","protected":false},"featured_media":14461,"comment_status":"closed","ping_status":"closed","template":"","meta":{"_acf_changed":false},"product_brand":[],"product_cat":[184,159],"product_tag":[],"class_list":{"0":"post-521","1":"product","2":"type-product","3":"status-publish","4":"has-post-thumbnail","6":"product_cat-altres-cereals","7":"product_cat-farines-per-pa","8":"pa_format-25kg","10":"first","11":"instock","12":"shipping-taxable","13":"product-type-simple"},"acf":[],"_links":{"self":[{"href":"https:\/\/farineracoromina.com\/ca\/wp-json\/wp\/v2\/product\/521","targetHints":{"allow":["GET"]}}],"collection":[{"href":"https:\/\/farineracoromina.com\/ca\/wp-json\/wp\/v2\/product"}],"about":[{"href":"https:\/\/farineracoromina.com\/ca\/wp-json\/wp\/v2\/types\/product"}],"replies":[{"embeddable":true,"href":"https:\/\/farineracoromina.com\/ca\/wp-json\/wp\/v2\/comments?post=521"}],"wp:featuredmedia":[{"embeddable":true,"href":"https:\/\/farineracoromina.com\/ca\/wp-json\/wp\/v2\/media\/14461"}],"wp:attachment":[{"href":"https:\/\/farineracoromina.com\/ca\/wp-json\/wp\/v2\/media?parent=521"}],"wp:term":[{"taxonomy":"product_brand","embeddable":true,"href":"https:\/\/farineracoromina.com\/ca\/wp-json\/wp\/v2\/product_brand?post=521"},{"taxonomy":"product_cat","embeddable":true,"href":"https:\/\/farineracoromina.com\/ca\/wp-json\/wp\/v2\/product_cat?post=521"},{"taxonomy":"product_tag","embeddable":true,"href":"https:\/\/farineracoromina.com\/ca\/wp-json\/wp\/v2\/product_tag?post=521"}],"curies":[{"name":"wp","href":"https:\/\/api.w.org\/{rel}","templated":true}]}}