{"id":524,"date":"2023-02-06T19:41:55","date_gmt":"2023-02-06T17:41:55","guid":{"rendered":"https:\/\/farineracoromina.com\/?post_type=product&#038;p=524"},"modified":"2024-04-09T15:52:34","modified_gmt":"2024-04-09T13:52:34","slug":"meule-seigle-bio-t130","status":"publish","type":"product","link":"https:\/\/farineracoromina.com\/ca\/producte\/meule-seigle-bio-t130\/","title":{"rendered":"Farina de S\u00e8gol  BIO T130"},"content":{"rendered":"","protected":false},"excerpt":{"rendered":"<p>La farina de s\u00e8gol ecol\u00f2gic T130 a la pedra \u00e9s una farina ecol\u00f2gica semi-integral rica en fibra. Es pot utilitzar tal qual per a l\u2019elaboraci\u00f3 de masses mares ecol\u00f2giques de s\u00e8gol. Tamb\u00e9 es pot utilitzar per a l\u2019elaboraci\u00f3 dels famosos \u201cSeigle Auvergnat ecol\u00f2gics\u201d 100% de s\u00e8gol amb massa mare de s\u00e8gol. Permetr\u00e0 elaborar uns pans de motlle r\u00fastics deliciosos i tendres.<\/p>\n","protected":false},"featured_media":17169,"comment_status":"closed","ping_status":"closed","template":"","meta":{"_acf_changed":false},"product_brand":[],"product_cat":[193,159,189],"product_tag":[],"class_list":{"0":"post-524","1":"product","2":"type-product","3":"status-publish","4":"has-post-thumbnail","6":"product_cat-altres-cereals-a-la-pedra-bio","7":"product_cat-farines-per-pa","8":"product_cat-moulin-de-colagne","10":"first","11":"instock","12":"shipping-taxable","13":"product-type-simple"},"acf":[],"_links":{"self":[{"href":"https:\/\/farineracoromina.com\/ca\/wp-json\/wp\/v2\/product\/524","targetHints":{"allow":["GET"]}}],"collection":[{"href":"https:\/\/farineracoromina.com\/ca\/wp-json\/wp\/v2\/product"}],"about":[{"href":"https:\/\/farineracoromina.com\/ca\/wp-json\/wp\/v2\/types\/product"}],"replies":[{"embeddable":true,"href":"https:\/\/farineracoromina.com\/ca\/wp-json\/wp\/v2\/comments?post=524"}],"wp:featuredmedia":[{"embeddable":true,"href":"https:\/\/farineracoromina.com\/ca\/wp-json\/wp\/v2\/media\/17169"}],"wp:attachment":[{"href":"https:\/\/farineracoromina.com\/ca\/wp-json\/wp\/v2\/media?parent=524"}],"wp:term":[{"taxonomy":"product_brand","embeddable":true,"href":"https:\/\/farineracoromina.com\/ca\/wp-json\/wp\/v2\/product_brand?post=524"},{"taxonomy":"product_cat","embeddable":true,"href":"https:\/\/farineracoromina.com\/ca\/wp-json\/wp\/v2\/product_cat?post=524"},{"taxonomy":"product_tag","embeddable":true,"href":"https:\/\/farineracoromina.com\/ca\/wp-json\/wp\/v2\/product_tag?post=524"}],"curies":[{"name":"wp","href":"https:\/\/api.w.org\/{rel}","templated":true}]}}