{"id":525,"date":"2023-02-06T18:45:15","date_gmt":"2023-02-06T16:45:15","guid":{"rendered":"https:\/\/farineracoromina.com\/?post_type=product&#038;p=525"},"modified":"2025-02-25T16:20:51","modified_gmt":"2025-02-25T14:20:51","slug":"farine-de-seigle-t130","status":"publish","type":"product","link":"https:\/\/farineracoromina.com\/ca\/producte\/farine-de-seigle-t130\/","title":{"rendered":"Farina de S\u00e8gol  T130"},"content":{"rendered":"","protected":false},"excerpt":{"rendered":"<p>La Farina de S\u00e8gol t130 a la pedra de Moulin de Colagne est\u00e0 elaborada amb <strong>s\u00e8gols locals de la Loz\u00e8re<\/strong>. \u00c9s <strong>una farina semi-integral<\/strong> rica en fibra que es pot utilitzar directament per a l\u2019elaboraci\u00f3 de <strong>masses mare de s\u00e8gol <\/strong>o b\u00e9 barrejada per a l\u2019elaboraci\u00f3 de pans r\u00fastics. La Farina de S\u00e8gol T130 \u00e9s ideal per a l\u2019elaboraci\u00f3 de les famoses \u201cSeigle Auvergnat\u201d 100% s\u00e8gol amb massa mare de s\u00e8gol. Tamb\u00e9 es pot associar a farines de for\u00e7a per aconseguir pans de motlle r\u00fastics molt gustosos i tendres.<\/p>\n","protected":false},"featured_media":17169,"comment_status":"closed","ping_status":"closed","template":"","meta":{"_acf_changed":false},"product_brand":[],"product_cat":[192,159,189],"product_tag":[],"class_list":{"0":"post-525","1":"product","2":"type-product","3":"status-publish","4":"has-post-thumbnail","6":"product_cat-altres-cereals-a-la-pedra","7":"product_cat-farines-per-pa","8":"product_cat-moulin-de-colagne","10":"first","11":"instock","12":"shipping-taxable","13":"product-type-simple"},"acf":[],"_links":{"self":[{"href":"https:\/\/farineracoromina.com\/ca\/wp-json\/wp\/v2\/product\/525","targetHints":{"allow":["GET"]}}],"collection":[{"href":"https:\/\/farineracoromina.com\/ca\/wp-json\/wp\/v2\/product"}],"about":[{"href":"https:\/\/farineracoromina.com\/ca\/wp-json\/wp\/v2\/types\/product"}],"replies":[{"embeddable":true,"href":"https:\/\/farineracoromina.com\/ca\/wp-json\/wp\/v2\/comments?post=525"}],"wp:featuredmedia":[{"embeddable":true,"href":"https:\/\/farineracoromina.com\/ca\/wp-json\/wp\/v2\/media\/17169"}],"wp:attachment":[{"href":"https:\/\/farineracoromina.com\/ca\/wp-json\/wp\/v2\/media?parent=525"}],"wp:term":[{"taxonomy":"product_brand","embeddable":true,"href":"https:\/\/farineracoromina.com\/ca\/wp-json\/wp\/v2\/product_brand?post=525"},{"taxonomy":"product_cat","embeddable":true,"href":"https:\/\/farineracoromina.com\/ca\/wp-json\/wp\/v2\/product_cat?post=525"},{"taxonomy":"product_tag","embeddable":true,"href":"https:\/\/farineracoromina.com\/ca\/wp-json\/wp\/v2\/product_tag?post=525"}],"curies":[{"name":"wp","href":"https:\/\/api.w.org\/{rel}","templated":true}]}}