{"id":526,"date":"2023-02-06T18:45:13","date_gmt":"2023-02-06T16:45:13","guid":{"rendered":"https:\/\/farineracoromina.com\/?post_type=product&#038;p=526"},"modified":"2023-03-24T15:43:37","modified_gmt":"2023-03-24T13:43:37","slug":"farina-de-segol-rustic","status":"publish","type":"product","link":"https:\/\/farineracoromina.com\/ca\/producte\/farina-de-segol-rustic\/","title":{"rendered":"Farina de S\u00e8gol R\u00fastic"},"content":{"rendered":"","protected":false},"excerpt":{"rendered":"<p>La nostra Farina de S\u00e8gol R\u00fastic es caracteritza pel seu <strong>alt contingut en fibres<\/strong>. Aquesta farina est\u00e0 dissenyada per a l\u2019elaboraci\u00f3 de pans de s\u00e8gol \u201cauvergnat\u201d o de tipus alemany, per exemple. La Farina de S\u00e8gol R\u00fastic permet augmentar l\u2019extensibilitat, la capacitat d\u2019hidrataci\u00f3 i la conservaci\u00f3 de les masses. Tamb\u00e9 es pot utilitzar per a l\u2019elaboraci\u00f3 de <strong>poolish<\/strong> o de <strong>massa mare natural<\/strong> molt gustosa amb <strong>un alt nivell de fermentaci\u00f3<\/strong>. Al tractar-se d\u2019una farina r\u00fastica, la quantitat d\u2019aigua utilitzada ha de ser major que en la utilitzada amb la farina de s\u00e8gol blanca.<\/p>\n","protected":false},"featured_media":14977,"comment_status":"closed","ping_status":"closed","template":"","meta":{"_acf_changed":false},"product_brand":[],"product_cat":[188,177,159],"product_tag":[],"class_list":{"0":"post-526","1":"product","2":"type-product","3":"status-publish","4":"has-post-thumbnail","6":"product_cat-farines-de-segol","7":"product_cat-farines-especials","8":"product_cat-farines-per-pa","10":"first","11":"instock","12":"shipping-taxable","13":"product-type-simple"},"acf":[],"_links":{"self":[{"href":"https:\/\/farineracoromina.com\/ca\/wp-json\/wp\/v2\/product\/526","targetHints":{"allow":["GET"]}}],"collection":[{"href":"https:\/\/farineracoromina.com\/ca\/wp-json\/wp\/v2\/product"}],"about":[{"href":"https:\/\/farineracoromina.com\/ca\/wp-json\/wp\/v2\/types\/product"}],"replies":[{"embeddable":true,"href":"https:\/\/farineracoromina.com\/ca\/wp-json\/wp\/v2\/comments?post=526"}],"wp:featuredmedia":[{"embeddable":true,"href":"https:\/\/farineracoromina.com\/ca\/wp-json\/wp\/v2\/media\/14977"}],"wp:attachment":[{"href":"https:\/\/farineracoromina.com\/ca\/wp-json\/wp\/v2\/media?parent=526"}],"wp:term":[{"taxonomy":"product_brand","embeddable":true,"href":"https:\/\/farineracoromina.com\/ca\/wp-json\/wp\/v2\/product_brand?post=526"},{"taxonomy":"product_cat","embeddable":true,"href":"https:\/\/farineracoromina.com\/ca\/wp-json\/wp\/v2\/product_cat?post=526"},{"taxonomy":"product_tag","embeddable":true,"href":"https:\/\/farineracoromina.com\/ca\/wp-json\/wp\/v2\/product_tag?post=526"}],"curies":[{"name":"wp","href":"https:\/\/api.w.org\/{rel}","templated":true}]}}