{"id":529,"date":"2023-02-06T18:44:14","date_gmt":"2023-02-06T16:44:14","guid":{"rendered":"https:\/\/farineracoromina.com\/?post_type=product&#038;p=529"},"modified":"2024-03-15T15:47:38","modified_gmt":"2024-03-15T13:47:38","slug":"farina-ecologica-de-forca","status":"publish","type":"product","link":"https:\/\/farineracoromina.com\/ca\/producte\/farina-ecologica-de-forca\/","title":{"rendered":"Farina Ecol\u00f2gica de For\u00e7a"},"content":{"rendered":"","protected":false},"excerpt":{"rendered":"<p>Aquesta farina s\u2019adapta perfectament a diferents tipus de treball, ja sigui per a fer pans o brioixeria i fins i tot permet realitzar panettones ecol\u00f2gics. A m\u00e9s, <strong>no necessita millorant<\/strong> per ser utilitzada. Es pot utilitzar tamb\u00e9 per refor\u00e7ar la farina panificable ecol\u00f2gica per elaborar xapates o pans de vidre ecol\u00f2gics. S\u2019adapta perfectament a les fermentacions llargues amb massa mare natural.<\/p>\n<p><img decoding=\"async\" class=\"wp-image-2872 alignnone\" src=\"https:\/\/farineracoromina.com\/wp-content\/uploads\/2018\/04\/logo-bio.png\" alt=\"\" width=\"118\" height=\"97\" \/><\/p>\n","protected":false},"featured_media":17040,"comment_status":"closed","ping_status":"closed","template":"","meta":{"_acf_changed":false},"product_brand":[],"product_cat":[51,159],"product_tag":[],"class_list":{"0":"post-529","1":"product","2":"type-product","3":"status-publish","4":"has-post-thumbnail","6":"product_cat-farines-eco","7":"product_cat-farines-per-pa","9":"first","10":"instock","11":"shipping-taxable","12":"product-type-simple"},"acf":[],"_links":{"self":[{"href":"https:\/\/farineracoromina.com\/ca\/wp-json\/wp\/v2\/product\/529","targetHints":{"allow":["GET"]}}],"collection":[{"href":"https:\/\/farineracoromina.com\/ca\/wp-json\/wp\/v2\/product"}],"about":[{"href":"https:\/\/farineracoromina.com\/ca\/wp-json\/wp\/v2\/types\/product"}],"replies":[{"embeddable":true,"href":"https:\/\/farineracoromina.com\/ca\/wp-json\/wp\/v2\/comments?post=529"}],"wp:featuredmedia":[{"embeddable":true,"href":"https:\/\/farineracoromina.com\/ca\/wp-json\/wp\/v2\/media\/17040"}],"wp:attachment":[{"href":"https:\/\/farineracoromina.com\/ca\/wp-json\/wp\/v2\/media?parent=529"}],"wp:term":[{"taxonomy":"product_brand","embeddable":true,"href":"https:\/\/farineracoromina.com\/ca\/wp-json\/wp\/v2\/product_brand?post=529"},{"taxonomy":"product_cat","embeddable":true,"href":"https:\/\/farineracoromina.com\/ca\/wp-json\/wp\/v2\/product_cat?post=529"},{"taxonomy":"product_tag","embeddable":true,"href":"https:\/\/farineracoromina.com\/ca\/wp-json\/wp\/v2\/product_tag?post=529"}],"curies":[{"name":"wp","href":"https:\/\/api.w.org\/{rel}","templated":true}]}}