{"id":530,"date":"2023-02-06T18:59:51","date_gmt":"2023-02-06T16:59:51","guid":{"rendered":"https:\/\/farineracoromina.com\/?post_type=product&#038;p=530"},"modified":"2023-03-24T15:39:10","modified_gmt":"2023-03-24T13:39:10","slug":"farina-ecologica-integral","status":"publish","type":"product","link":"https:\/\/farineracoromina.com\/ca\/producte\/farina-ecologica-integral\/","title":{"rendered":"Farina Ecol\u00f2gica Integral"},"content":{"rendered":"","protected":false},"excerpt":{"rendered":"<p>La Farina Ecol\u00f2gica Integral \u00e9s el resultat de la selecci\u00f3 dels\u00a0<b>millors blats panificables ecol\u00f2gics <\/b>en una estreta col\u00b7laboraci\u00f3 amb els agricultors de la prov\u00edncia de Girona. Cont\u00e8 tot el seg\u00f3 del blat i el germen, el que ens porta a tenir el 100% del cereal en tots els seus atributs. La seva alta capacitat d\u2019absorci\u00f3 la converteix en una refer\u00e8ncia del mercat de farines ecol\u00f2giques integrals. Tamb\u00e9 \u00e9s una bona opci\u00f3 per a l\u2019elaboraci\u00f3 de masses mare integrals, permetent elaborar pans ecol\u00f2gics exquisits amb un\u00a0excel\u00b7lent desenvolupament 100% integrals.<\/p>\n","protected":false},"featured_media":14957,"comment_status":"closed","ping_status":"closed","template":"","meta":{"_acf_changed":false},"product_brand":[],"product_cat":[51,159],"product_tag":[],"class_list":{"0":"post-530","1":"product","2":"type-product","3":"status-publish","4":"has-post-thumbnail","6":"product_cat-farines-eco","7":"product_cat-farines-per-pa","9":"first","10":"instock","11":"shipping-taxable","12":"product-type-simple"},"acf":[],"_links":{"self":[{"href":"https:\/\/farineracoromina.com\/ca\/wp-json\/wp\/v2\/product\/530","targetHints":{"allow":["GET"]}}],"collection":[{"href":"https:\/\/farineracoromina.com\/ca\/wp-json\/wp\/v2\/product"}],"about":[{"href":"https:\/\/farineracoromina.com\/ca\/wp-json\/wp\/v2\/types\/product"}],"replies":[{"embeddable":true,"href":"https:\/\/farineracoromina.com\/ca\/wp-json\/wp\/v2\/comments?post=530"}],"wp:featuredmedia":[{"embeddable":true,"href":"https:\/\/farineracoromina.com\/ca\/wp-json\/wp\/v2\/media\/14957"}],"wp:attachment":[{"href":"https:\/\/farineracoromina.com\/ca\/wp-json\/wp\/v2\/media?parent=530"}],"wp:term":[{"taxonomy":"product_brand","embeddable":true,"href":"https:\/\/farineracoromina.com\/ca\/wp-json\/wp\/v2\/product_brand?post=530"},{"taxonomy":"product_cat","embeddable":true,"href":"https:\/\/farineracoromina.com\/ca\/wp-json\/wp\/v2\/product_cat?post=530"},{"taxonomy":"product_tag","embeddable":true,"href":"https:\/\/farineracoromina.com\/ca\/wp-json\/wp\/v2\/product_tag?post=530"}],"curies":[{"name":"wp","href":"https:\/\/api.w.org\/{rel}","templated":true}]}}