{"id":532,"date":"2023-02-06T18:50:14","date_gmt":"2023-02-06T16:50:14","guid":{"rendered":"https:\/\/farineracoromina.com\/?post_type=product&#038;p=532"},"modified":"2023-03-24T15:39:24","modified_gmt":"2023-03-24T13:39:24","slug":"farina-ecologica-panificable","status":"publish","type":"product","link":"https:\/\/farineracoromina.com\/ca\/producte\/farina-ecologica-panificable\/","title":{"rendered":"Farina Ecol\u00f2gica Panificable"},"content":{"rendered":"","protected":false},"excerpt":{"rendered":"<p>La Farina Ecol\u00f2gica panificable s\u2019adapta perfectament a diferents tipus de treball, ja sigui en directe o en fermentaci\u00f3 controlada. Gr\u00e0cies a aquesta farina els teus pans ecol\u00f2gics es convertiran en un producte premium. Tamb\u00e9 es pot utilitzar per a l\u2019elaboraci\u00f3 de magdalenes, galetes o pastissos ecol\u00f2gics.<\/p>\n","protected":false},"featured_media":14963,"comment_status":"closed","ping_status":"closed","template":"","meta":{"_acf_changed":false},"product_brand":[],"product_cat":[51,159],"product_tag":[],"class_list":{"0":"post-532","1":"product","2":"type-product","3":"status-publish","4":"has-post-thumbnail","6":"product_cat-farines-eco","7":"product_cat-farines-per-pa","9":"first","10":"instock","11":"shipping-taxable","12":"product-type-simple"},"acf":[],"_links":{"self":[{"href":"https:\/\/farineracoromina.com\/ca\/wp-json\/wp\/v2\/product\/532","targetHints":{"allow":["GET"]}}],"collection":[{"href":"https:\/\/farineracoromina.com\/ca\/wp-json\/wp\/v2\/product"}],"about":[{"href":"https:\/\/farineracoromina.com\/ca\/wp-json\/wp\/v2\/types\/product"}],"replies":[{"embeddable":true,"href":"https:\/\/farineracoromina.com\/ca\/wp-json\/wp\/v2\/comments?post=532"}],"wp:featuredmedia":[{"embeddable":true,"href":"https:\/\/farineracoromina.com\/ca\/wp-json\/wp\/v2\/media\/14963"}],"wp:attachment":[{"href":"https:\/\/farineracoromina.com\/ca\/wp-json\/wp\/v2\/media?parent=532"}],"wp:term":[{"taxonomy":"product_brand","embeddable":true,"href":"https:\/\/farineracoromina.com\/ca\/wp-json\/wp\/v2\/product_brand?post=532"},{"taxonomy":"product_cat","embeddable":true,"href":"https:\/\/farineracoromina.com\/ca\/wp-json\/wp\/v2\/product_cat?post=532"},{"taxonomy":"product_tag","embeddable":true,"href":"https:\/\/farineracoromina.com\/ca\/wp-json\/wp\/v2\/product_tag?post=532"}],"curies":[{"name":"wp","href":"https:\/\/api.w.org\/{rel}","templated":true}]}}