{"id":533,"date":"2023-02-06T18:45:01","date_gmt":"2023-02-06T16:45:01","guid":{"rendered":"https:\/\/farineracoromina.com\/?post_type=product&#038;p=533"},"modified":"2025-02-13T16:26:35","modified_gmt":"2025-02-13T14:26:35","slug":"farina-garrotxa","status":"publish","type":"product","link":"https:\/\/farineracoromina.com\/ca\/producte\/farina-garrotxa\/","title":{"rendered":"Farina Garrotxa"},"content":{"rendered":"","protected":false},"excerpt":{"rendered":"<p data-start=\"23\" data-end=\"362\">La <strong data-start=\"26\" data-end=\"45\">Farina Garrotxa<\/strong> \u00e9s una farina guardonada amb el <strong data-start=\"78\" data-end=\"97\">Premi PITA 2016<\/strong> (Premi a la Innovaci\u00f3 Tecnol\u00f2gica Aliment\u00e0ria), que destaca per la seva alta qualitat i versatilitat en la panificaci\u00f3. Pertanyent a la gamma <strong data-start=\"240\" data-end=\"253\">Can Trull<\/strong>, aquesta farina \u00e9s ideal per a l\u2019elaboraci\u00f3 de <strong data-start=\"301\" data-end=\"318\">pans de s\u00e8gol<\/strong> amb un sabor profund i una textura \u00fanica.<\/p>\n<p data-start=\"364\" data-end=\"734\" data-is-last-node=\"\">Gr\u00e0cies a la seva capacitat per admetre <strong data-start=\"404\" data-end=\"438\">alts percentatges d\u2019hidrataci\u00f3<\/strong>, la <strong data-start=\"443\" data-end=\"462\">Farina Garrotxa<\/strong> permet treballar amb <strong data-start=\"484\" data-end=\"521\">t\u00e8cniques de panificaci\u00f3 variades<\/strong>, garantint pans amb una excel\u00b7lent conservaci\u00f3. A m\u00e9s, \u00e9s especialment indicada per a la creaci\u00f3 de pans amb ingredients com <strong data-start=\"647\" data-end=\"689\">nous, panses i altres elements r\u00fastics.<\/strong><\/p>\n","protected":false},"featured_media":14951,"comment_status":"closed","ping_status":"closed","template":"","meta":{"_acf_changed":false},"product_brand":[],"product_cat":[159,18],"product_tag":[],"class_list":{"0":"post-533","1":"product","2":"type-product","3":"status-publish","4":"has-post-thumbnail","6":"product_cat-farines-per-pa","7":"product_cat-gamma-can-trull","9":"first","10":"instock","11":"shipping-taxable","12":"product-type-simple"},"acf":[],"_links":{"self":[{"href":"https:\/\/farineracoromina.com\/ca\/wp-json\/wp\/v2\/product\/533","targetHints":{"allow":["GET"]}}],"collection":[{"href":"https:\/\/farineracoromina.com\/ca\/wp-json\/wp\/v2\/product"}],"about":[{"href":"https:\/\/farineracoromina.com\/ca\/wp-json\/wp\/v2\/types\/product"}],"replies":[{"embeddable":true,"href":"https:\/\/farineracoromina.com\/ca\/wp-json\/wp\/v2\/comments?post=533"}],"wp:featuredmedia":[{"embeddable":true,"href":"https:\/\/farineracoromina.com\/ca\/wp-json\/wp\/v2\/media\/14951"}],"wp:attachment":[{"href":"https:\/\/farineracoromina.com\/ca\/wp-json\/wp\/v2\/media?parent=533"}],"wp:term":[{"taxonomy":"product_brand","embeddable":true,"href":"https:\/\/farineracoromina.com\/ca\/wp-json\/wp\/v2\/product_brand?post=533"},{"taxonomy":"product_cat","embeddable":true,"href":"https:\/\/farineracoromina.com\/ca\/wp-json\/wp\/v2\/product_cat?post=533"},{"taxonomy":"product_tag","embeddable":true,"href":"https:\/\/farineracoromina.com\/ca\/wp-json\/wp\/v2\/product_tag?post=533"}],"curies":[{"name":"wp","href":"https:\/\/api.w.org\/{rel}","templated":true}]}}