{"id":537,"date":"2023-02-06T18:58:25","date_gmt":"2023-02-06T16:58:25","guid":{"rendered":"https:\/\/farineracoromina.com\/?post_type=product&#038;p=537"},"modified":"2023-03-20T17:45:08","modified_gmt":"2023-03-20T15:45:08","slug":"farina-morena-eivissenca","status":"publish","type":"product","link":"https:\/\/farineracoromina.com\/ca\/producte\/farina-morena-eivissenca\/","title":{"rendered":"Farina Morena Eivissenca"},"content":{"rendered":"","protected":false},"excerpt":{"rendered":"<p>La <strong>Farina Morena Eivissenca<\/strong> \u00e9s l&#8217;aut\u00e8ntica farina que s&#8217;utilitza a l&#8217;illa per fer el fam\u00f3s <strong><em>pa pag\u00e8s<\/em><\/strong> tradicional eivissenc.<\/p>\n<p>Normalment el <strong><em>pa pag\u00e8s<\/em><\/strong> d&#8217;Eivissa \u00e9s fa sense sal. La sal es un retardant en la fermentaci\u00f3, fet que, en la seva abs\u00e8ncia, s&#8217;accelera el proc\u00e9s de fermentaci\u00f3.<\/p>\n<p>Recomanat per fer un pa molt natural, de molla consistent, obscura i crosta cruixent. La farina preferida dels forners Eivissencs!<\/p>\n","protected":false},"featured_media":14386,"comment_status":"closed","ping_status":"closed","template":"","meta":{"_acf_changed":false},"product_brand":[],"product_cat":[177,159],"product_tag":[],"class_list":{"0":"post-537","1":"product","2":"type-product","3":"status-publish","4":"has-post-thumbnail","6":"product_cat-farines-especials","7":"product_cat-farines-per-pa","8":"pa_format-25kg","10":"first","11":"instock","12":"shipping-taxable","13":"product-type-simple"},"acf":[],"_links":{"self":[{"href":"https:\/\/farineracoromina.com\/ca\/wp-json\/wp\/v2\/product\/537","targetHints":{"allow":["GET"]}}],"collection":[{"href":"https:\/\/farineracoromina.com\/ca\/wp-json\/wp\/v2\/product"}],"about":[{"href":"https:\/\/farineracoromina.com\/ca\/wp-json\/wp\/v2\/types\/product"}],"replies":[{"embeddable":true,"href":"https:\/\/farineracoromina.com\/ca\/wp-json\/wp\/v2\/comments?post=537"}],"wp:featuredmedia":[{"embeddable":true,"href":"https:\/\/farineracoromina.com\/ca\/wp-json\/wp\/v2\/media\/14386"}],"wp:attachment":[{"href":"https:\/\/farineracoromina.com\/ca\/wp-json\/wp\/v2\/media?parent=537"}],"wp:term":[{"taxonomy":"product_brand","embeddable":true,"href":"https:\/\/farineracoromina.com\/ca\/wp-json\/wp\/v2\/product_brand?post=537"},{"taxonomy":"product_cat","embeddable":true,"href":"https:\/\/farineracoromina.com\/ca\/wp-json\/wp\/v2\/product_cat?post=537"},{"taxonomy":"product_tag","embeddable":true,"href":"https:\/\/farineracoromina.com\/ca\/wp-json\/wp\/v2\/product_tag?post=537"}],"curies":[{"name":"wp","href":"https:\/\/api.w.org\/{rel}","templated":true}]}}