{"id":538,"date":"2023-02-06T18:45:47","date_gmt":"2023-02-06T16:45:47","guid":{"rendered":"https:\/\/farineracoromina.com\/?post_type=product&#038;p=538"},"modified":"2023-03-21T14:28:29","modified_gmt":"2023-03-21T12:28:29","slug":"farina-pa-de-tramuntana","status":"publish","type":"product","link":"https:\/\/farineracoromina.com\/ca\/producte\/farina-pa-de-tramuntana\/","title":{"rendered":"Farina Pa de Tramuntana"},"content":{"rendered":"","protected":false},"excerpt":{"rendered":"<p>Sens dubte, la m\u00e9s especial de totes. La Farina Pa de Tramuntana \u00e9s produ\u00efda a partir de blats cultivats al paratge id\u00edl\u00b7lic dels Aiguamolls de l\u2019Empord\u00e0, fruit d\u2019unes varietats antigues molt concretes, com el Florence Aurora. Aquesta farina permet, a causa de les seves caracter\u00edstiques pl\u00e0stiques, fer un treball amb molta hidrataci\u00f3 i llarga fermentaci\u00f3.<br \/>\nW: segons collita.<br \/>\nP\/L: segons collita.<\/p>\n","protected":false},"featured_media":14399,"comment_status":"closed","ping_status":"closed","template":"","meta":{"_acf_changed":false},"product_brand":[],"product_cat":[185,177,159],"product_tag":[],"class_list":{"0":"post-538","1":"product","2":"type-product","3":"status-publish","4":"has-post-thumbnail","6":"product_cat-es-farina-de-girona-km0","7":"product_cat-farines-especials","8":"product_cat-farines-per-pa","9":"pa_format-25kg","11":"first","12":"instock","13":"shipping-taxable","14":"product-type-simple"},"acf":[],"_links":{"self":[{"href":"https:\/\/farineracoromina.com\/ca\/wp-json\/wp\/v2\/product\/538","targetHints":{"allow":["GET"]}}],"collection":[{"href":"https:\/\/farineracoromina.com\/ca\/wp-json\/wp\/v2\/product"}],"about":[{"href":"https:\/\/farineracoromina.com\/ca\/wp-json\/wp\/v2\/types\/product"}],"replies":[{"embeddable":true,"href":"https:\/\/farineracoromina.com\/ca\/wp-json\/wp\/v2\/comments?post=538"}],"wp:featuredmedia":[{"embeddable":true,"href":"https:\/\/farineracoromina.com\/ca\/wp-json\/wp\/v2\/media\/14399"}],"wp:attachment":[{"href":"https:\/\/farineracoromina.com\/ca\/wp-json\/wp\/v2\/media?parent=538"}],"wp:term":[{"taxonomy":"product_brand","embeddable":true,"href":"https:\/\/farineracoromina.com\/ca\/wp-json\/wp\/v2\/product_brand?post=538"},{"taxonomy":"product_cat","embeddable":true,"href":"https:\/\/farineracoromina.com\/ca\/wp-json\/wp\/v2\/product_cat?post=538"},{"taxonomy":"product_tag","embeddable":true,"href":"https:\/\/farineracoromina.com\/ca\/wp-json\/wp\/v2\/product_tag?post=538"}],"curies":[{"name":"wp","href":"https:\/\/api.w.org\/{rel}","templated":true}]}}