{"id":542,"date":"2023-02-06T18:47:09","date_gmt":"2023-02-06T16:47:09","guid":{"rendered":"https:\/\/farineracoromina.com\/?post_type=product&#038;p=542"},"modified":"2023-03-21T14:13:37","modified_gmt":"2023-03-21T12:13:37","slug":"farina-per-a-xurros","status":"publish","type":"product","link":"https:\/\/farineracoromina.com\/ca\/producte\/farina-per-a-xurros\/","title":{"rendered":"Farina per a Xurros"},"content":{"rendered":"","protected":false},"excerpt":{"rendered":"<p>La Farina per a Xurros est\u00e0 elaborada amb blats espec\u00edfics per a la creaci\u00f3 de xurros. Les seves caracter\u00edstiques fan que els xurros es fregeixin sense agafar massa color i aguantin el cruixent durant m\u00e9s temps en comparaci\u00f3 amb altres farines cl\u00e0ssiques.<\/p>\n","protected":false},"featured_media":14402,"comment_status":"closed","ping_status":"closed","template":"","meta":{"_acf_changed":false},"product_brand":[],"product_cat":[177,159],"product_tag":[],"class_list":{"0":"post-542","1":"product","2":"type-product","3":"status-publish","4":"has-post-thumbnail","6":"product_cat-farines-especials","7":"product_cat-farines-per-pa","9":"first","10":"instock","11":"shipping-taxable","12":"product-type-simple"},"acf":[],"_links":{"self":[{"href":"https:\/\/farineracoromina.com\/ca\/wp-json\/wp\/v2\/product\/542","targetHints":{"allow":["GET"]}}],"collection":[{"href":"https:\/\/farineracoromina.com\/ca\/wp-json\/wp\/v2\/product"}],"about":[{"href":"https:\/\/farineracoromina.com\/ca\/wp-json\/wp\/v2\/types\/product"}],"replies":[{"embeddable":true,"href":"https:\/\/farineracoromina.com\/ca\/wp-json\/wp\/v2\/comments?post=542"}],"wp:featuredmedia":[{"embeddable":true,"href":"https:\/\/farineracoromina.com\/ca\/wp-json\/wp\/v2\/media\/14402"}],"wp:attachment":[{"href":"https:\/\/farineracoromina.com\/ca\/wp-json\/wp\/v2\/media?parent=542"}],"wp:term":[{"taxonomy":"product_brand","embeddable":true,"href":"https:\/\/farineracoromina.com\/ca\/wp-json\/wp\/v2\/product_brand?post=542"},{"taxonomy":"product_cat","embeddable":true,"href":"https:\/\/farineracoromina.com\/ca\/wp-json\/wp\/v2\/product_cat?post=542"},{"taxonomy":"product_tag","embeddable":true,"href":"https:\/\/farineracoromina.com\/ca\/wp-json\/wp\/v2\/product_tag?post=542"}],"curies":[{"name":"wp","href":"https:\/\/api.w.org\/{rel}","templated":true}]}}