{"id":544,"date":"2023-02-06T20:25:58","date_gmt":"2023-02-06T18:25:58","guid":{"rendered":"https:\/\/farineracoromina.com\/?post_type=product&#038;p=544"},"modified":"2023-03-20T17:46:26","modified_gmt":"2023-03-20T15:46:26","slug":"farina-tritordeum","status":"publish","type":"product","link":"https:\/\/farineracoromina.com\/ca\/producte\/farina-tritordeum\/","title":{"rendered":"Farina Tritordeum"},"content":{"rendered":"","protected":false},"excerpt":{"rendered":"<p>La farina \u201cTritordeum\u201d prov\u00e9 del cereal \u201cTritordeum\u201d o tamb\u00e9 conegut com el \u201ccereal daurat\u201d. \u00c9s un cereal de proximitat d&#8217;origen mediterrani nascut de la combinaci\u00f3 natural (sense modificaci\u00f3 gen\u00e8tica) entre el blat dur \u201ctriticum durum\u201d i un ordi silvestre anomenat \u201c Hordeum Chilense\u201d.<\/p>\n<p>La farina \u201cTritordeum&#8221; cont\u00e9 m\u00e9s \u00e0cid oleic gras que contribueix a reduir el risc de patir malalties cardiovasculars, cont\u00e9 m\u00e9s antioxidants com la lute\u00efna, pigment antioxidant benefici\u00f3s per a la salut ocular, la protecci\u00f3 de la pell enfront dels raigs del sol i a l&#8217;envelliment preco\u00e7 i tamb\u00e9 cont\u00e9 m\u00e9s fibra pel que contribueix a mantenir una bona salut intestinal.<\/p>\n","protected":false},"featured_media":14389,"comment_status":"closed","ping_status":"closed","template":"","meta":{"_acf_changed":false},"product_brand":[],"product_cat":[177,159],"product_tag":[],"class_list":{"0":"post-544","1":"product","2":"type-product","3":"status-publish","4":"has-post-thumbnail","6":"product_cat-farines-especials","7":"product_cat-farines-per-pa","9":"first","10":"instock","11":"featured","12":"shipping-taxable","13":"product-type-simple"},"acf":[],"_links":{"self":[{"href":"https:\/\/farineracoromina.com\/ca\/wp-json\/wp\/v2\/product\/544","targetHints":{"allow":["GET"]}}],"collection":[{"href":"https:\/\/farineracoromina.com\/ca\/wp-json\/wp\/v2\/product"}],"about":[{"href":"https:\/\/farineracoromina.com\/ca\/wp-json\/wp\/v2\/types\/product"}],"replies":[{"embeddable":true,"href":"https:\/\/farineracoromina.com\/ca\/wp-json\/wp\/v2\/comments?post=544"}],"wp:featuredmedia":[{"embeddable":true,"href":"https:\/\/farineracoromina.com\/ca\/wp-json\/wp\/v2\/media\/14389"}],"wp:attachment":[{"href":"https:\/\/farineracoromina.com\/ca\/wp-json\/wp\/v2\/media?parent=544"}],"wp:term":[{"taxonomy":"product_brand","embeddable":true,"href":"https:\/\/farineracoromina.com\/ca\/wp-json\/wp\/v2\/product_brand?post=544"},{"taxonomy":"product_cat","embeddable":true,"href":"https:\/\/farineracoromina.com\/ca\/wp-json\/wp\/v2\/product_cat?post=544"},{"taxonomy":"product_tag","embeddable":true,"href":"https:\/\/farineracoromina.com\/ca\/wp-json\/wp\/v2\/product_tag?post=544"}],"curies":[{"name":"wp","href":"https:\/\/api.w.org\/{rel}","templated":true}]}}