{"id":550,"date":"2023-02-06T20:39:56","date_gmt":"2023-02-06T18:39:56","guid":{"rendered":"https:\/\/farineracoromina.com\/?post_type=product&#038;p=550"},"modified":"2023-03-21T14:03:46","modified_gmt":"2023-03-21T12:03:46","slug":"gluten-de-blat","status":"publish","type":"product","link":"https:\/\/farineracoromina.com\/ca\/producte\/gluten-de-blat\/","title":{"rendered":"Gluten de Blat"},"content":{"rendered":"","protected":false},"excerpt":{"rendered":"<p>Gluten de blat tradicional que es dosifica de manera general amb un m\u00e0xim del 2% per refor\u00e7ar les farines per processos d&#8217;elaboraci\u00f3 espec\u00edfics.<\/p>\n","protected":false},"featured_media":14461,"comment_status":"closed","ping_status":"closed","template":"","meta":{"_acf_changed":false},"product_brand":[],"product_cat":[184,159],"product_tag":[],"class_list":{"0":"post-550","1":"product","2":"type-product","3":"status-publish","4":"has-post-thumbnail","6":"product_cat-altres-cereals","7":"product_cat-farines-per-pa","8":"pa_format-25kg","10":"first","11":"instock","12":"shipping-taxable","13":"product-type-simple"},"acf":[],"_links":{"self":[{"href":"https:\/\/farineracoromina.com\/ca\/wp-json\/wp\/v2\/product\/550","targetHints":{"allow":["GET"]}}],"collection":[{"href":"https:\/\/farineracoromina.com\/ca\/wp-json\/wp\/v2\/product"}],"about":[{"href":"https:\/\/farineracoromina.com\/ca\/wp-json\/wp\/v2\/types\/product"}],"replies":[{"embeddable":true,"href":"https:\/\/farineracoromina.com\/ca\/wp-json\/wp\/v2\/comments?post=550"}],"wp:featuredmedia":[{"embeddable":true,"href":"https:\/\/farineracoromina.com\/ca\/wp-json\/wp\/v2\/media\/14461"}],"wp:attachment":[{"href":"https:\/\/farineracoromina.com\/ca\/wp-json\/wp\/v2\/media?parent=550"}],"wp:term":[{"taxonomy":"product_brand","embeddable":true,"href":"https:\/\/farineracoromina.com\/ca\/wp-json\/wp\/v2\/product_brand?post=550"},{"taxonomy":"product_cat","embeddable":true,"href":"https:\/\/farineracoromina.com\/ca\/wp-json\/wp\/v2\/product_cat?post=550"},{"taxonomy":"product_tag","embeddable":true,"href":"https:\/\/farineracoromina.com\/ca\/wp-json\/wp\/v2\/product_tag?post=550"}],"curies":[{"name":"wp","href":"https:\/\/api.w.org\/{rel}","templated":true}]}}