{"id":562,"date":"2023-02-06T19:39:11","date_gmt":"2023-02-06T17:39:11","guid":{"rendered":"https:\/\/farineracoromina.com\/?post_type=product&#038;p=562"},"modified":"2024-04-08T15:01:22","modified_gmt":"2024-04-08T13:01:22","slug":"meule-petit-epeautre-bio","status":"publish","type":"product","link":"https:\/\/farineracoromina.com\/ca\/producte\/meule-petit-epeautre-bio\/","title":{"rendered":"Meule petit epeautre BIO"},"content":{"rendered":"","protected":false},"excerpt":{"rendered":"<p>La farina de\u00a0<strong>Petit Epeautre BIO<\/strong>\u00a0\u00e9s la farina de petita espelta a la pedra d&#8217;alta qualitat. L&#8217;espelta \u00e9s el cereal antic m\u00e9s de moda i que millor que molturat com fa milers d&#8217;anys, a la pedra de forma ancestral a Moulin de Colagne.<\/p>\n<p><strong>El treball a la m\u00f2la DE S\u00cdLEX<\/strong><\/p>\n<p>Una eina que alia el\u00a0<em>savoir-faire<\/em>\u00a0d\u2019ahir amb la tecnologia d\u2019avui. Fundat sobre el principi de l\u2019abrasi\u00f3 amb la m\u00f2la de s\u00edlex i del S\u00f6der. Aquesta t\u00e8cnica permet:<\/p>\n<ul>\n<li><em>Conservar els g\u00e8rmens de blat a la farina.<\/em><\/li>\n<li><em>Conservar els nutrients<\/em><\/li>\n<li><em>Els \u00e0cids grassos essencials.<\/em><\/li>\n<li><em>Les vitamines.<\/em><\/li>\n<li><em>Les fibres.<\/em><\/li>\n<\/ul>\n<p><strong>Els elements minerals i els oligo-elements.<\/strong><\/p>\n<p><strong>Tenir una hidrataci\u00f3 superior del 4 al 8%<\/strong>.<\/p>\n<p><strong>Una millor fermentaci\u00f3\u00a0<\/strong>gr\u00e0cies a la pres\u00e8ncia\u00a0dels g\u00e8rmens de blat.<\/p>\n<p><strong>Un pa m\u00e9s arom\u00e0tic i gust\u00f3s. Millor conservaci\u00f3 del pa\u00a0<\/strong>de forma natural.<\/p>\n","protected":false},"featured_media":17145,"comment_status":"closed","ping_status":"closed","template":"","meta":{"_acf_changed":false},"product_brand":[],"product_cat":[193,159,189],"product_tag":[],"class_list":{"0":"post-562","1":"product","2":"type-product","3":"status-publish","4":"has-post-thumbnail","6":"product_cat-altres-cereals-a-la-pedra-bio","7":"product_cat-farines-per-pa","8":"product_cat-moulin-de-colagne","10":"first","11":"instock","12":"shipping-taxable","13":"product-type-simple"},"acf":[],"_links":{"self":[{"href":"https:\/\/farineracoromina.com\/ca\/wp-json\/wp\/v2\/product\/562","targetHints":{"allow":["GET"]}}],"collection":[{"href":"https:\/\/farineracoromina.com\/ca\/wp-json\/wp\/v2\/product"}],"about":[{"href":"https:\/\/farineracoromina.com\/ca\/wp-json\/wp\/v2\/types\/product"}],"replies":[{"embeddable":true,"href":"https:\/\/farineracoromina.com\/ca\/wp-json\/wp\/v2\/comments?post=562"}],"wp:featuredmedia":[{"embeddable":true,"href":"https:\/\/farineracoromina.com\/ca\/wp-json\/wp\/v2\/media\/17145"}],"wp:attachment":[{"href":"https:\/\/farineracoromina.com\/ca\/wp-json\/wp\/v2\/media?parent=562"}],"wp:term":[{"taxonomy":"product_brand","embeddable":true,"href":"https:\/\/farineracoromina.com\/ca\/wp-json\/wp\/v2\/product_brand?post=562"},{"taxonomy":"product_cat","embeddable":true,"href":"https:\/\/farineracoromina.com\/ca\/wp-json\/wp\/v2\/product_cat?post=562"},{"taxonomy":"product_tag","embeddable":true,"href":"https:\/\/farineracoromina.com\/ca\/wp-json\/wp\/v2\/product_tag?post=562"}],"curies":[{"name":"wp","href":"https:\/\/api.w.org\/{rel}","templated":true}]}}