{"id":564,"date":"2023-02-06T19:20:47","date_gmt":"2023-02-06T17:20:47","guid":{"rendered":"https:\/\/farineracoromina.com\/?post_type=product&#038;p=564"},"modified":"2024-04-08T16:58:29","modified_gmt":"2024-04-08T14:58:29","slug":"meule-t65","status":"publish","type":"product","link":"https:\/\/farineracoromina.com\/ca\/producte\/meule-t65\/","title":{"rendered":"Meule T65"},"content":{"rendered":"","protected":false},"excerpt":{"rendered":"<p><strong>\u00a0<\/strong>La Meule T65 \u00e9s una <strong>farina a la pedra molt polivalent<\/strong> que permet elaborar pans de tot tipus amb unes molles menys fosques que les de les farines a la pedra convencionals. Aquesta farina a la pedra permet elaborar treballs de diferents nivells t\u00e8cnics, des dels m\u00e9s senzills (directe amb llevat) als m\u00e9s exigents (llargues fermentacions amb masses mares naturals).<\/p>\n","protected":false},"featured_media":17156,"comment_status":"closed","ping_status":"closed","template":"","meta":{"_acf_changed":false},"product_brand":[],"product_cat":[190,159,189],"product_tag":[],"class_list":{"0":"post-564","1":"product","2":"type-product","3":"status-publish","4":"has-post-thumbnail","6":"product_cat-a-la-pedra","7":"product_cat-farines-per-pa","8":"product_cat-moulin-de-colagne","10":"first","11":"instock","12":"shipping-taxable","13":"product-type-simple"},"acf":[],"_links":{"self":[{"href":"https:\/\/farineracoromina.com\/ca\/wp-json\/wp\/v2\/product\/564","targetHints":{"allow":["GET"]}}],"collection":[{"href":"https:\/\/farineracoromina.com\/ca\/wp-json\/wp\/v2\/product"}],"about":[{"href":"https:\/\/farineracoromina.com\/ca\/wp-json\/wp\/v2\/types\/product"}],"replies":[{"embeddable":true,"href":"https:\/\/farineracoromina.com\/ca\/wp-json\/wp\/v2\/comments?post=564"}],"wp:featuredmedia":[{"embeddable":true,"href":"https:\/\/farineracoromina.com\/ca\/wp-json\/wp\/v2\/media\/17156"}],"wp:attachment":[{"href":"https:\/\/farineracoromina.com\/ca\/wp-json\/wp\/v2\/media?parent=564"}],"wp:term":[{"taxonomy":"product_brand","embeddable":true,"href":"https:\/\/farineracoromina.com\/ca\/wp-json\/wp\/v2\/product_brand?post=564"},{"taxonomy":"product_cat","embeddable":true,"href":"https:\/\/farineracoromina.com\/ca\/wp-json\/wp\/v2\/product_cat?post=564"},{"taxonomy":"product_tag","embeddable":true,"href":"https:\/\/farineracoromina.com\/ca\/wp-json\/wp\/v2\/product_tag?post=564"}],"curies":[{"name":"wp","href":"https:\/\/api.w.org\/{rel}","templated":true}]}}