{"id":566,"date":"2023-02-06T19:21:06","date_gmt":"2023-02-06T17:21:06","guid":{"rendered":"https:\/\/farineracoromina.com\/?post_type=product&#038;p=566"},"modified":"2024-04-08T15:46:28","modified_gmt":"2024-04-08T13:46:28","slug":"meule-t80-levain","status":"publish","type":"product","link":"https:\/\/farineracoromina.com\/ca\/producte\/meule-t80-levain\/","title":{"rendered":"Meule T80 Levain"},"content":{"rendered":"","protected":false},"excerpt":{"rendered":"<p>La Meule T80 Levain \u00e9s la <strong>farina estrella 100% de blat<\/strong> sense cap additiu per a <strong>l\u2019elaboraci\u00f3 de masses mare<\/strong> de tot tipus. Permet tamb\u00e9 elaborar productes amb un ventall important de t\u00e8cniques, donant com a resultat uns pans de farina a la pedra molt gustosos i de llarga conservaci\u00f3. <strong>\u00a0<\/strong><\/p>\n","protected":false},"featured_media":17156,"comment_status":"closed","ping_status":"closed","template":"","meta":{"_acf_changed":false},"product_brand":[],"product_cat":[190,159,189],"product_tag":[],"class_list":{"0":"post-566","1":"product","2":"type-product","3":"status-publish","4":"has-post-thumbnail","6":"product_cat-a-la-pedra","7":"product_cat-farines-per-pa","8":"product_cat-moulin-de-colagne","10":"first","11":"instock","12":"shipping-taxable","13":"product-type-simple"},"acf":[],"_links":{"self":[{"href":"https:\/\/farineracoromina.com\/ca\/wp-json\/wp\/v2\/product\/566","targetHints":{"allow":["GET"]}}],"collection":[{"href":"https:\/\/farineracoromina.com\/ca\/wp-json\/wp\/v2\/product"}],"about":[{"href":"https:\/\/farineracoromina.com\/ca\/wp-json\/wp\/v2\/types\/product"}],"replies":[{"embeddable":true,"href":"https:\/\/farineracoromina.com\/ca\/wp-json\/wp\/v2\/comments?post=566"}],"wp:featuredmedia":[{"embeddable":true,"href":"https:\/\/farineracoromina.com\/ca\/wp-json\/wp\/v2\/media\/17156"}],"wp:attachment":[{"href":"https:\/\/farineracoromina.com\/ca\/wp-json\/wp\/v2\/media?parent=566"}],"wp:term":[{"taxonomy":"product_brand","embeddable":true,"href":"https:\/\/farineracoromina.com\/ca\/wp-json\/wp\/v2\/product_brand?post=566"},{"taxonomy":"product_cat","embeddable":true,"href":"https:\/\/farineracoromina.com\/ca\/wp-json\/wp\/v2\/product_cat?post=566"},{"taxonomy":"product_tag","embeddable":true,"href":"https:\/\/farineracoromina.com\/ca\/wp-json\/wp\/v2\/product_tag?post=566"}],"curies":[{"name":"wp","href":"https:\/\/api.w.org\/{rel}","templated":true}]}}