{"id":570,"date":"2023-02-06T19:36:54","date_gmt":"2023-02-06T17:36:54","guid":{"rendered":"https:\/\/farineracoromina.com\/?post_type=product&#038;p=570"},"modified":"2025-04-16T10:03:49","modified_gmt":"2025-04-16T08:03:49","slug":"semoule-de-ble-dur","status":"publish","type":"product","link":"https:\/\/farineracoromina.com\/ca\/producte\/semoule-de-ble-dur\/","title":{"rendered":"S\u00e8mola de Blat dur"},"content":{"rendered":"<p>La<strong> s\u00e8mola de blat dur<\/strong> ofereix una gran <strong>versatilitat<\/strong> i una textura ideal, elaborada a partir de grans acuradament seleccionats. Perfecta per a la preparaci\u00f3 de pastes, per empolvorar sobre masses o teles de lli, estirar bases de pizza i en multitud de plats salats i dol\u00e7os com cusc\u00fas, basbousa, flatbread o lasanya.<\/p>\n<p>Aporta una consist\u00e8ncia excel\u00b7lent, un sabor natural i una \u00f2ptima absorci\u00f3.<\/p>\n<p>Caracter\u00edstiques:<\/p>\n<ul>\n<li>Hidrataci\u00f3 superior del 4 al 8%<\/li>\n<li>Millor fermentaci\u00f3 gr\u00e0cies a la pres\u00e8ncia dels g\u00e8rmens del blat<\/li>\n<li>Pa m\u00e9s arom\u00e0tic i sabor\u00f3s<\/li>\n<li>De llarga conservaci\u00f3 de forma natural<\/li>\n<\/ul>\n","protected":false},"excerpt":{"rendered":"<p>La s\u00e8mola de blat dur ofereix una gran versatilitat i una textura ideal, elaborada a partir de grans acuradament seleccionats. Perfecta per a la preparaci\u00f3 de pastes, per empolvorar sobre masses o<\/p>\n","protected":false},"featured_media":14461,"comment_status":"closed","ping_status":"closed","template":"","meta":{"_acf_changed":false},"product_brand":[],"product_cat":[184,159],"product_tag":[],"class_list":{"0":"post-570","1":"product","2":"type-product","3":"status-publish","4":"has-post-thumbnail","6":"product_cat-altres-cereals","7":"product_cat-farines-per-pa","8":"pa_format-25kg","10":"first","11":"instock","12":"shipping-taxable","13":"product-type-simple"},"acf":[],"_links":{"self":[{"href":"https:\/\/farineracoromina.com\/ca\/wp-json\/wp\/v2\/product\/570","targetHints":{"allow":["GET"]}}],"collection":[{"href":"https:\/\/farineracoromina.com\/ca\/wp-json\/wp\/v2\/product"}],"about":[{"href":"https:\/\/farineracoromina.com\/ca\/wp-json\/wp\/v2\/types\/product"}],"replies":[{"embeddable":true,"href":"https:\/\/farineracoromina.com\/ca\/wp-json\/wp\/v2\/comments?post=570"}],"wp:featuredmedia":[{"embeddable":true,"href":"https:\/\/farineracoromina.com\/ca\/wp-json\/wp\/v2\/media\/14461"}],"wp:attachment":[{"href":"https:\/\/farineracoromina.com\/ca\/wp-json\/wp\/v2\/media?parent=570"}],"wp:term":[{"taxonomy":"product_brand","embeddable":true,"href":"https:\/\/farineracoromina.com\/ca\/wp-json\/wp\/v2\/product_brand?post=570"},{"taxonomy":"product_cat","embeddable":true,"href":"https:\/\/farineracoromina.com\/ca\/wp-json\/wp\/v2\/product_cat?post=570"},{"taxonomy":"product_tag","embeddable":true,"href":"https:\/\/farineracoromina.com\/ca\/wp-json\/wp\/v2\/product_tag?post=570"}],"curies":[{"name":"wp","href":"https:\/\/api.w.org\/{rel}","templated":true}]}}