{"id":572,"date":"2023-02-06T19:32:33","date_gmt":"2023-02-06T17:32:33","guid":{"rendered":"https:\/\/farineracoromina.com\/?post_type=product&#038;p=572"},"modified":"2024-04-08T13:05:57","modified_gmt":"2024-04-08T11:05:57","slug":"tradition-prestige-amandine","status":"publish","type":"product","link":"https:\/\/farineracoromina.com\/ca\/producte\/tradition-prestige-amandine\/","title":{"rendered":"Tradition Prestige Amandine"},"content":{"rendered":"","protected":false},"excerpt":{"rendered":"<p><strong>La farina Haubanne de Tradici\u00f3 Prestige Amandine <\/strong>est\u00e0 elaborada per permetre als <strong>forners adeptes a les altes hidratacions<\/strong> elaborar uns pans de tradici\u00f3 francesa excepcionals en <strong>llarga fermentaci\u00f3<\/strong>. La seva capacitat d\u2019absorci\u00f3 la converteix en una refer\u00e8ncia a molts obradors que busquen farines de <strong>tradici\u00f3 francesa capaces d\u2019aguantar alts percentatges d\u2019aigua<\/strong> i fermentacions llargues en fred, amb o sense massa mare.<\/p>\n","protected":false},"featured_media":17125,"comment_status":"closed","ping_status":"closed","template":"","meta":{"_acf_changed":false},"product_brand":[],"product_cat":[159,194,189],"product_tag":[],"class_list":{"0":"post-572","1":"product","2":"type-product","3":"status-publish","4":"has-post-thumbnail","6":"product_cat-farines-per-pa","7":"product_cat-haubanne","8":"product_cat-moulin-de-colagne","10":"first","11":"instock","12":"shipping-taxable","13":"product-type-simple"},"acf":[],"_links":{"self":[{"href":"https:\/\/farineracoromina.com\/ca\/wp-json\/wp\/v2\/product\/572","targetHints":{"allow":["GET"]}}],"collection":[{"href":"https:\/\/farineracoromina.com\/ca\/wp-json\/wp\/v2\/product"}],"about":[{"href":"https:\/\/farineracoromina.com\/ca\/wp-json\/wp\/v2\/types\/product"}],"replies":[{"embeddable":true,"href":"https:\/\/farineracoromina.com\/ca\/wp-json\/wp\/v2\/comments?post=572"}],"wp:featuredmedia":[{"embeddable":true,"href":"https:\/\/farineracoromina.com\/ca\/wp-json\/wp\/v2\/media\/17125"}],"wp:attachment":[{"href":"https:\/\/farineracoromina.com\/ca\/wp-json\/wp\/v2\/media?parent=572"}],"wp:term":[{"taxonomy":"product_brand","embeddable":true,"href":"https:\/\/farineracoromina.com\/ca\/wp-json\/wp\/v2\/product_brand?post=572"},{"taxonomy":"product_cat","embeddable":true,"href":"https:\/\/farineracoromina.com\/ca\/wp-json\/wp\/v2\/product_cat?post=572"},{"taxonomy":"product_tag","embeddable":true,"href":"https:\/\/farineracoromina.com\/ca\/wp-json\/wp\/v2\/product_tag?post=572"}],"curies":[{"name":"wp","href":"https:\/\/api.w.org\/{rel}","templated":true}]}}