{"id":14711,"date":"2023-02-06T20:23:24","date_gmt":"2023-02-06T18:23:24","guid":{"rendered":"https:\/\/farineracoromina.com\/?post_type=product&#038;p=14711"},"modified":"2023-03-24T15:31:13","modified_gmt":"2023-03-24T13:31:13","slug":"artesana","status":"publish","type":"product","link":"https:\/\/farineracoromina.com\/en\/producte\/artesana\/","title":{"rendered":"Artesana"},"content":{"rendered":"","protected":false},"excerpt":{"rendered":"<p>La harina Artesana esta hecha para elaborar unos panes comunes de excelente calidad. Es una harina con un potencial de hidrataci\u00f3n superior a la media, muy f\u00e1cil de trabajar a mano y de forma mecanizada, adem\u00e1s de tener un mayor nivel de conservaci\u00f3n.<\/p>\n<p>Las mezclas de harinas panificables y a la piedra utilizadas por su formulaci\u00f3n hacen de esta harina una soluci\u00f3n innovadora.<\/p>\n<p>Con la harina Artesana obtendr\u00e9is unos panes con una corteza ligeramente r\u00fastica y un muelle amarillento e irregular. Es rica en sabor y aroma. Su polivalencia permite trabajarla en directo, en bloque en fr\u00edo o en fermentaci\u00f3n controlada.<\/p>\n","protected":false},"featured_media":14947,"comment_status":"closed","ping_status":"closed","template":"","meta":{"_acf_changed":false},"product_brand":[],"product_cat":[229,222],"product_tag":[],"class_list":{"0":"post-14711","1":"product","2":"type-product","3":"status-publish","4":"has-post-thumbnail","6":"product_cat-gama-can-trull-es","7":"product_cat-harinas-para-pan","9":"first","10":"instock","11":"shipping-taxable","12":"product-type-simple"},"acf":[],"_links":{"self":[{"href":"https:\/\/farineracoromina.com\/en\/wp-json\/wp\/v2\/product\/14711","targetHints":{"allow":["GET"]}}],"collection":[{"href":"https:\/\/farineracoromina.com\/en\/wp-json\/wp\/v2\/product"}],"about":[{"href":"https:\/\/farineracoromina.com\/en\/wp-json\/wp\/v2\/types\/product"}],"replies":[{"embeddable":true,"href":"https:\/\/farineracoromina.com\/en\/wp-json\/wp\/v2\/comments?post=14711"}],"wp:featuredmedia":[{"embeddable":true,"href":"https:\/\/farineracoromina.com\/en\/wp-json\/wp\/v2\/media\/14947"}],"wp:attachment":[{"href":"https:\/\/farineracoromina.com\/en\/wp-json\/wp\/v2\/media?parent=14711"}],"wp:term":[{"taxonomy":"product_brand","embeddable":true,"href":"https:\/\/farineracoromina.com\/en\/wp-json\/wp\/v2\/product_brand?post=14711"},{"taxonomy":"product_cat","embeddable":true,"href":"https:\/\/farineracoromina.com\/en\/wp-json\/wp\/v2\/product_cat?post=14711"},{"taxonomy":"product_tag","embeddable":true,"href":"https:\/\/farineracoromina.com\/en\/wp-json\/wp\/v2\/product_tag?post=14711"}],"curies":[{"name":"wp","href":"https:\/\/api.w.org\/{rel}","templated":true}]}}