{"id":14717,"date":"2023-02-06T18:47:39","date_gmt":"2023-02-06T16:47:39","guid":{"rendered":"https:\/\/farineracoromina.com\/?post_type=product&#038;p=14717"},"modified":"2023-03-30T12:04:05","modified_gmt":"2023-03-30T10:04:05","slug":"harina-3l","status":"publish","type":"product","link":"https:\/\/farineracoromina.com\/en\/producte\/harina-3l\/","title":{"rendered":"Harina 3L"},"content":{"rendered":"","protected":false},"excerpt":{"rendered":"<p class=\"western\" lang=\"ca-ES\"><span lang=\"es-ES\">Harina para obtener masas con una <strong>alta extensibilidad<\/strong> o masas m\u00e1s relajadas. Permite la elaboraci\u00f3n de panes en larga fermentaci\u00f3n controlada, precocido brioche, pizzas, roscones, panes de cereales y otros productos.<\/span><\/p>\n","protected":false},"featured_media":15323,"comment_status":"closed","ping_status":"closed","template":"","meta":{"_acf_changed":false},"product_brand":[],"product_cat":[220,217,222,223,226],"product_tag":[],"class_list":{"0":"post-14717","1":"product","2":"type-product","3":"status-publish","4":"has-post-thumbnail","6":"product_cat-harinas-de-media-fuerza","7":"product_cat-harinas-originales","8":"product_cat-harinas-para-pan","9":"product_cat-harinas-para-pasteleria","10":"product_cat-media-fuerza","12":"first","13":"instock","14":"shipping-taxable","15":"product-type-simple"},"acf":[],"_links":{"self":[{"href":"https:\/\/farineracoromina.com\/en\/wp-json\/wp\/v2\/product\/14717","targetHints":{"allow":["GET"]}}],"collection":[{"href":"https:\/\/farineracoromina.com\/en\/wp-json\/wp\/v2\/product"}],"about":[{"href":"https:\/\/farineracoromina.com\/en\/wp-json\/wp\/v2\/types\/product"}],"replies":[{"embeddable":true,"href":"https:\/\/farineracoromina.com\/en\/wp-json\/wp\/v2\/comments?post=14717"}],"wp:featuredmedia":[{"embeddable":true,"href":"https:\/\/farineracoromina.com\/en\/wp-json\/wp\/v2\/media\/15323"}],"wp:attachment":[{"href":"https:\/\/farineracoromina.com\/en\/wp-json\/wp\/v2\/media?parent=14717"}],"wp:term":[{"taxonomy":"product_brand","embeddable":true,"href":"https:\/\/farineracoromina.com\/en\/wp-json\/wp\/v2\/product_brand?post=14717"},{"taxonomy":"product_cat","embeddable":true,"href":"https:\/\/farineracoromina.com\/en\/wp-json\/wp\/v2\/product_cat?post=14717"},{"taxonomy":"product_tag","embeddable":true,"href":"https:\/\/farineracoromina.com\/en\/wp-json\/wp\/v2\/product_tag?post=14717"}],"curies":[{"name":"wp","href":"https:\/\/api.w.org\/{rel}","templated":true}]}}