{"id":14751,"date":"2023-02-06T19:20:47","date_gmt":"2023-02-06T17:20:47","guid":{"rendered":"https:\/\/farineracoromina.com\/?post_type=product&#038;p=14751"},"modified":"2023-03-24T13:13:44","modified_gmt":"2023-03-24T11:13:44","slug":"meule-t65","status":"publish","type":"product","link":"https:\/\/farineracoromina.com\/en\/producte\/meule-t65\/","title":{"rendered":"Meule T65"},"content":{"rendered":"","protected":false},"excerpt":{"rendered":"<p>La Meule T65 es una <strong>harina a la piedra muy polivalente<\/strong> que permite elaborar panes de todo tipo con unas migas menos oscuras que las de las harinas a la piedra convencionales. Esta harina a la piedra permite elaborar trabajos de diferentes niveles t\u00e9cnicos, de los m\u00e1s sencillos (directo con levadura) a los m\u00e1s exigentes (largas fermentaciones con masas madres naturales).<\/p>\n","protected":false},"featured_media":17159,"comment_status":"closed","ping_status":"closed","template":"","meta":{"_acf_changed":false},"product_brand":[],"product_cat":[231,222,230],"product_tag":[],"class_list":{"0":"post-14751","1":"product","2":"type-product","3":"status-publish","4":"has-post-thumbnail","6":"product_cat-a-la-piedra","7":"product_cat-harinas-para-pan","8":"product_cat-moulin-de-colagne-es","10":"first","11":"instock","12":"shipping-taxable","13":"product-type-simple"},"acf":[],"_links":{"self":[{"href":"https:\/\/farineracoromina.com\/en\/wp-json\/wp\/v2\/product\/14751","targetHints":{"allow":["GET"]}}],"collection":[{"href":"https:\/\/farineracoromina.com\/en\/wp-json\/wp\/v2\/product"}],"about":[{"href":"https:\/\/farineracoromina.com\/en\/wp-json\/wp\/v2\/types\/product"}],"replies":[{"embeddable":true,"href":"https:\/\/farineracoromina.com\/en\/wp-json\/wp\/v2\/comments?post=14751"}],"wp:featuredmedia":[{"embeddable":true,"href":"https:\/\/farineracoromina.com\/en\/wp-json\/wp\/v2\/media\/17159"}],"wp:attachment":[{"href":"https:\/\/farineracoromina.com\/en\/wp-json\/wp\/v2\/media?parent=14751"}],"wp:term":[{"taxonomy":"product_brand","embeddable":true,"href":"https:\/\/farineracoromina.com\/en\/wp-json\/wp\/v2\/product_brand?post=14751"},{"taxonomy":"product_cat","embeddable":true,"href":"https:\/\/farineracoromina.com\/en\/wp-json\/wp\/v2\/product_cat?post=14751"},{"taxonomy":"product_tag","embeddable":true,"href":"https:\/\/farineracoromina.com\/en\/wp-json\/wp\/v2\/product_tag?post=14751"}],"curies":[{"name":"wp","href":"https:\/\/api.w.org\/{rel}","templated":true}]}}