{"id":18332,"date":"2023-02-06T19:27:40","date_gmt":"2023-02-06T17:27:40","guid":{"rendered":"https:\/\/farineracoromina.com\/producte\/meule-bio-cereales-et-graines\/"},"modified":"2023-02-06T19:27:40","modified_gmt":"2023-02-06T17:27:40","slug":"meule-bio-cereales-et-graines","status":"publish","type":"product","link":"https:\/\/farineracoromina.com\/en\/producte\/meule-bio-cereales-et-graines\/","title":{"rendered":"Meule BIO C\u00e9r\u00e9ales et Graines"},"content":{"rendered":"","protected":false},"excerpt":{"rendered":"<p>Meule BIO C\u00e9r\u00e9ales et Graines is the perfect organic <strong>stone-ground flour<\/strong> for making organic seed breads. This flour includes an improver specially designed to enhance dough performance in more mechanical or demanding processes.<\/p>\n","protected":false},"featured_media":17121,"comment_status":"closed","ping_status":"closed","template":"","meta":{"_acf_changed":false},"product_brand":[],"product_cat":[325,329,334],"product_tag":[],"class_list":{"0":"post-18332","1":"product","2":"type-product","3":"status-publish","4":"has-post-thumbnail","6":"product_cat-flours-for-bread","7":"product_cat-moulin-de-colagne-en","8":"product_cat-stone-milled-bio-flour","10":"first","11":"instock","12":"shipping-taxable","13":"product-type-simple"},"acf":[],"_links":{"self":[{"href":"https:\/\/farineracoromina.com\/en\/wp-json\/wp\/v2\/product\/18332","targetHints":{"allow":["GET"]}}],"collection":[{"href":"https:\/\/farineracoromina.com\/en\/wp-json\/wp\/v2\/product"}],"about":[{"href":"https:\/\/farineracoromina.com\/en\/wp-json\/wp\/v2\/types\/product"}],"replies":[{"embeddable":true,"href":"https:\/\/farineracoromina.com\/en\/wp-json\/wp\/v2\/comments?post=18332"}],"wp:featuredmedia":[{"embeddable":true,"href":"https:\/\/farineracoromina.com\/en\/wp-json\/wp\/v2\/media\/17121"}],"wp:attachment":[{"href":"https:\/\/farineracoromina.com\/en\/wp-json\/wp\/v2\/media?parent=18332"}],"wp:term":[{"taxonomy":"product_brand","embeddable":true,"href":"https:\/\/farineracoromina.com\/en\/wp-json\/wp\/v2\/product_brand?post=18332"},{"taxonomy":"product_cat","embeddable":true,"href":"https:\/\/farineracoromina.com\/en\/wp-json\/wp\/v2\/product_cat?post=18332"},{"taxonomy":"product_tag","embeddable":true,"href":"https:\/\/farineracoromina.com\/en\/wp-json\/wp\/v2\/product_tag?post=18332"}],"curies":[{"name":"wp","href":"https:\/\/api.w.org\/{rel}","templated":true}]}}