{"id":16555,"date":"2023-03-17T13:21:10","date_gmt":"2023-03-17T11:21:10","guid":{"rendered":"https:\/\/farineracoromina.com\/politique-de-cookies\/"},"modified":"2023-03-17T13:21:10","modified_gmt":"2023-03-17T11:21:10","slug":"politique-de-cookies","status":"publish","type":"page","link":"https:\/\/farineracoromina.com\/fr\/politique-de-cookies\/","title":{"rendered":"POLITIQUE DE COOKIES"},"content":{"rendered":"<p class=\"western\">Depuis Agri-\u00c9nergie S.A., nous tenons \u00e0 vous informer que notre site web utilise des cookies pour mesurer et analyser la navigation de nos utilisateurs.<\/p>\n<p class=\"western\">Les cookies sont des fichiers install\u00e9s sur l&rsquo;ordinateur \u00e0 partir duquel notre site web est consult\u00e9, dans le but d\u00e9crit sur cette page.<\/p>\n<p class=\"western\">Les cookies sont des fichiers install\u00e9s sur l&rsquo;ordinateur \u00e0 partir duquel notre site web est consult\u00e9, dans le but d\u00e9crit sur cette page. Les applications que nous utilisons pour obtenir des informations de navigation, mesurer et analyser l&rsquo;audience sont:<\/p>\n<p class=\"western\">Google Analytics https:\/\/www.google.es\/intl\/es\/analytics\/<\/p>\n<p class=\"western\">(Ces applications ont \u00e9t\u00e9 d\u00e9velopp\u00e9es par Google, qui nous fournit le service de mesure et d&rsquo;analyse de l&rsquo;audience de nos pages De m\u00eame, elles peuvent utiliser ces donn\u00e9es pour am\u00e9liorer leurs propres services et offrir des services \u00e0 d&rsquo;autres entreprises. Vous pouvez en savoir plus sur ces utilisations et d&rsquo;autres depuis les liens indiqu\u00e9s.<\/p>\n<p class=\"western\">Ces outils n&rsquo;obtiennent pas de donn\u00e9es sur votre nom ou pr\u00e9nom, ni sur l&rsquo;adresse postale \u00e0 partir de laquelle vous vous connectez. Les informations qu&rsquo;ils obtiennent sont li\u00e9es au nombre de pages visit\u00e9es, \u00e0 la langue, au nombre de nouveaux utilisateurs, \u00e0 la fr\u00e9quence et \u00e0 la r\u00e9currence des visites, au navigateur et \u00e0 l&rsquo;op\u00e9rateur ou au type de terminal \u00e0 partir duquel la visite est effectu\u00e9e.<\/p>\n<p class=\"western\">Nous utilisons ces informations pour am\u00e9liorer nos pages, d\u00e9tecter de nouveaux besoins et \u00e9valuer les am\u00e9liorations \u00e0 apporter afin de fournir un meilleur service aux utilisateurs qui nous rendent visite, en les adaptant, par exemple, aux navigateurs ou terminaux les plus utilis\u00e9s.<\/p>\n<p class=\"western\">Pour permettre, conna\u00eetre, bloquer ou supprimer les cookies install\u00e9s sur votre ordinateur, vous pouvez le faire en configurant les options du navigateur que vous avez install\u00e9.<\/p>\n<p class=\"western\">Par exemple, vous pouvez trouver des informations \u00e0 ce sujet si vous utilisez les navigateurs suivants:<\/p>\n<p class=\"western\">Firefox de <span lang=\"zxx\"><u><a href=\"https:\/\/support.mozilla.org\/es\/products\/firefox\/protect-your-privacy\/cookies\">https:\/\/support.mozilla.org\/es\/products\/firefox\/protect-your-privacy\/cookies<\/a><\/u><\/span><\/p>\n<p class=\"western\">Chrome \u00e0 partir de <span lang=\"zxx\"><u><a href=\"https:\/\/support.google.com\/chrome\/answer\/95647?hl=es\">https:\/\/support.google.com\/chrome\/answer\/95647?hl=es<\/a><\/u><\/span><\/p>\n<p class=\"western\">Explorer \u00e0 partir de <span lang=\"zxx\"><u><a href=\"http:\/\/windows.microsoft.com\/es-es\/internet-explorer\/delete-manage-cookies#ie=ie-11\">http:\/\/windows.microsoft.com\/es-es\/internet-explorer\/delete-manage-cookies#ie=ie-11<\/a><\/u><\/span><\/p>\n<p class=\"western\">Safari depuis <span lang=\"zxx\"><u><a href=\"https:\/\/support.apple.com\/kb\/PH19214?viewlocale=es_ES&amp;locale=en_GB\">https:\/\/support.apple.com\/kb\/PH19214?viewlocale=es_ES&amp;locale=en_GB<\/a><\/u><\/span><\/p>\n<p class=\"western\">Op\u00e9ra de <span lang=\"zxx\"><u><a href=\"http:\/\/help.opera.com\/Linux\/10.60\/es-ES\/cookies.html\">http:\/\/help.opera.com\/Linux\/10.60\/es-ES\/cookies.html<\/a><\/u><\/span><\/p>\n","protected":false},"excerpt":{"rendered":"<p>Depuis Agri-\u00c9nergie S.A., nous tenons \u00e0 vous informer que notre site web utilise des cookies pour mesurer et analyser la<\/p>\n","protected":false},"author":1,"featured_media":0,"parent":0,"menu_order":0,"comment_status":"closed","ping_status":"closed","template":"","meta":{"_acf_changed":false,"footnotes":""},"class_list":["post-16555","page","type-page","status-publish","hentry"],"acf":[],"_links":{"self":[{"href":"https:\/\/farineracoromina.com\/fr\/wp-json\/wp\/v2\/pages\/16555","targetHints":{"allow":["GET"]}}],"collection":[{"href":"https:\/\/farineracoromina.com\/fr\/wp-json\/wp\/v2\/pages"}],"about":[{"href":"https:\/\/farineracoromina.com\/fr\/wp-json\/wp\/v2\/types\/page"}],"author":[{"embeddable":true,"href":"https:\/\/farineracoromina.com\/fr\/wp-json\/wp\/v2\/users\/1"}],"replies":[{"embeddable":true,"href":"https:\/\/farineracoromina.com\/fr\/wp-json\/wp\/v2\/comments?post=16555"}],"version-history":[{"count":0,"href":"https:\/\/farineracoromina.com\/fr\/wp-json\/wp\/v2\/pages\/16555\/revisions"}],"wp:attachment":[{"href":"https:\/\/farineracoromina.com\/fr\/wp-json\/wp\/v2\/media?parent=16555"}],"curies":[{"name":"wp","href":"https:\/\/api.w.org\/{rel}","templated":true}]}}