{"id":16566,"date":"2023-03-17T13:18:40","date_gmt":"2023-03-17T11:18:40","guid":{"rendered":"https:\/\/farineracoromina.com\/legal\/"},"modified":"2023-03-17T13:18:40","modified_gmt":"2023-03-17T11:18:40","slug":"legal","status":"publish","type":"page","link":"https:\/\/farineracoromina.com\/fr\/legal\/","title":{"rendered":"L\u00c9GAL"},"content":{"rendered":"<p>Bienvenue sur el site de Farinera Coromina.<br \/>\nCi-dessous, nous exposons les conditions d\u2019utilisation de cette page WEB . La navigation sur cette page WEB vous donne le r\u00f4le d\u2019utilisateur et accepte donc les clauses d\u00e9taill\u00e9es dans ce document.<\/p>\n<p><strong>1-IDENTIFICATION<\/strong><br \/>\nConform\u00e9ment aux dispositions de l\u2019article 10 de la loi 34\/2002, du 11 juillet, sur les services de la soci\u00e9t\u00e9 de l\u2019information et du commerce \u00e9lectronique, il est signal\u00e9 que http:\/\/farineracoromina.com est un domaine d\u2019Agri-Energia, S.A. avec CIF A17000837 et adresse \u00e0 C \/ Girona, 155 17820 Banyoles (G\u00e9rone), et avec Registre du Commerce de G\u00e9rone Volume 819, Folio 125, de la feuille num\u00e9ro GI-15632, rubrique 1. Individuelle.<\/p>\n<p><strong>2-R\u00c8GLES D\u2019UTILISATION<\/strong><br \/>\nEn tant qu\u2019utilisateur de ce SITE WEB, vous devez utiliser de mani\u00e8re responsable les services et contenus offerts, en respectant \u00e0 tout moment la l\u00e9gislation en vigueur.<br \/>\nIl est interdit d\u2019effectuer de votre part, toute action qui pourrait causer des modifications au contenu de ce SITE WEB ou un dysfonctionnement de celui-ci, y compris l\u2019introduction de virus ou similaires.<\/p>\n<p><strong>3-PROPRIETE INTELLECTUEL<\/strong><br \/>\nLes pages du WEB et les informations ou \u00e9l\u00e9ments qui y sont contenus, comprennent des textes, documents, photographies, dessins, repr\u00e9sentations graphiques, bases de donn\u00e9es, vid\u00e9os, ainsi que des logos, marques, noms commerciaux ou autres signes distinctifs, sont prot\u00e9g\u00e9s par des droits de propri\u00e9t\u00e9 intellectuelle ou industrielle, dont Agri-Energia, S.A. est propri\u00e9taire ou dispose d\u2019une licence l\u00e9gitime.<br \/>\nTout type d\u2019exploitation, y compris tout type de reproduction, distribution, transfert \u00e0 des tiers, communication publique et transformation, par tout type de support et de moyen, sans autorisation pr\u00e9alable et expresse, est interdit.<\/p>\n<p><strong>4-RESPONSABILIT\u00c9<\/strong><br \/>\nNotre intention est d\u2019offrir un site Web qui offre un fonctionnement continu et de la plus haute qualit\u00e9.<br \/>\nDans tous les cas, nous vous informons que nous ne pouvons pas garantir un acc\u00e8s continu et que les pages peuvent \u00eatre entrav\u00e9es ou interrompues par des facteurs ou des circonstances ind\u00e9pendantes de notre volont\u00e9.<br \/>\nAgri-Energia, S.A. n\u2019est pas responsable des informations et autres contenus int\u00e9gr\u00e9s dans les espaces ou les pages Web de tiers accessibles via des liens, des hyperliens ou des liens.<\/p>\n<p><strong>5-LOI APPLICABLE ET JURISDICTION<\/strong><br \/>\nPour la r\u00e9solution de toutes les questions li\u00e9es \u00e0 ce site Web ou aux activit\u00e9s qui y sont men\u00e9es, la l\u00e9gislation espagnole s\u2019appliquera, \u00e0 laquelle les deux parties se soumettent express\u00e9ment, \u00e9tant comp\u00e9tentes pour r\u00e9soudre tous les conflits d\u00e9coulant ou li\u00e9s \u00e0 son utilisation, les cours et tribunaux espagnols.<\/p>\n","protected":false},"excerpt":{"rendered":"<p>Bienvenue sur el site de Farinera Coromina. Ci-dessous, nous exposons les conditions d\u2019utilisation de cette page WEB . La navigation<\/p>\n","protected":false},"author":1,"featured_media":0,"parent":0,"menu_order":0,"comment_status":"closed","ping_status":"closed","template":"","meta":{"_acf_changed":false,"footnotes":""},"class_list":["post-16566","page","type-page","status-publish","hentry"],"acf":[],"_links":{"self":[{"href":"https:\/\/farineracoromina.com\/fr\/wp-json\/wp\/v2\/pages\/16566","targetHints":{"allow":["GET"]}}],"collection":[{"href":"https:\/\/farineracoromina.com\/fr\/wp-json\/wp\/v2\/pages"}],"about":[{"href":"https:\/\/farineracoromina.com\/fr\/wp-json\/wp\/v2\/types\/page"}],"author":[{"embeddable":true,"href":"https:\/\/farineracoromina.com\/fr\/wp-json\/wp\/v2\/users\/1"}],"replies":[{"embeddable":true,"href":"https:\/\/farineracoromina.com\/fr\/wp-json\/wp\/v2\/comments?post=16566"}],"version-history":[{"count":0,"href":"https:\/\/farineracoromina.com\/fr\/wp-json\/wp\/v2\/pages\/16566\/revisions"}],"wp:attachment":[{"href":"https:\/\/farineracoromina.com\/fr\/wp-json\/wp\/v2\/media?parent=16566"}],"curies":[{"name":"wp","href":"https:\/\/api.w.org\/{rel}","templated":true}]}}