{"id":16583,"date":"2023-02-06T18:24:21","date_gmt":"2023-02-06T16:24:21","guid":{"rendered":"https:\/\/farineracoromina.com\/politique-de-confidentialite\/"},"modified":"2023-09-25T13:02:33","modified_gmt":"2023-09-25T11:02:33","slug":"politique-de-confidentialite","status":"publish","type":"page","link":"https:\/\/farineracoromina.com\/fr\/politique-de-confidentialite\/","title":{"rendered":"Politique de confidentialit\u00e9"},"content":{"rendered":"&#13;\n<h2 class=\"vc_custom_heading vc_custom_1526896189026 wp-block-heading\">POLITIQUE DE PROTECTION DES DONN\u00c9ES PERSONNELLES<\/h2>&#13;\n<div class=\"vc_separator wpb_content_element vc_separator_align_center vc_sep_width_100 vc_sep_pos_align_center vc_separator_no_text vc_sep_color_grey\">\u00a0<\/div>&#13;\n<div class=\"nz-column-text nz-clearfix pfont-familyRoboto element-animate-false\" data-effect=\"none\" data-effect-speed=\"50\">&#13;\n<p><b>Abast de la pol\u00edtica de protecci\u00f3 de dades personals<\/b>\u00a0Aquesta pol\u00edtica de protecci\u00f3 de dades de car\u00e0cter personal abasta qualsevol tractament de dades que puguin produir-se en navegar o interaccionar per qualsevol de les nostres p\u00e0gines web o les xarxes socials en qu\u00e8 puguem tenir presencia (Facebook, Twitter, Instagram, etc.). Al final d\u2019aquest document s\u2018especifica informaci\u00f3 especial en el cas d\u2019\u00fas de les xarxes socials. Tamb\u00e9 s\u2019aplicar\u00e0 a qualsevol procediment intern de l\u2019empresa que requereixi la recollida de dades, sigui en formularis en format paper o qualsevol altre sistema.<\/p>&#13;\n<p>\u00a0<\/p>&#13;\n<p>En qualsevol d\u2019aquests mitjans, vost\u00e8 podr\u00e0 consultar informaci\u00f3, i en alguns casos emplenar formularis, contestar enquestes, participar en concursos, realitzar consultes, enviar fotografies, realitzar comentaris, etc. i, per tant, proporcionar-nos informaci\u00f3 de dades de car\u00e0cter personal. Tots els tractaments estan subjectes a la nostra pol\u00edtica de privacitat.<\/p>&#13;\n<p>\u00a0<\/p>&#13;\n<p><b>Qui \u00e9s el responsable del Tractament de les seves dades personals?<\/b><\/p>&#13;\n<p>En compliment de l\u2019establert en el Reglament (UE) 2016\/679 del Parlament Europeu\u00a0i\u00a0del Consell de 27 d\u2019abril del 2016, informem, que les dades de car\u00e0cter personal que ens proporcioni seran tractades per AGRI-ENERGIA, S.A., amb domicili social C\/Girona, 155 17820 Banyoles (Girona). CIF A17000837, correu electr\u00f2nic protecciodades@agrienergia.com<\/p>&#13;\n<p>\u00a0<\/p>&#13;\n<p><b>Qui \u00e9s el Delegat de la protecci\u00f3 de dades personals?<\/b><\/p>&#13;\n<p>El delegat de la protecci\u00f3 de dades personals \u00e9s la persona encarregada de protegir el dret fonamental a la protecci\u00f3 de dades personals a Farinera Coromina. i s\u2019encarrega del compliment de la normativa de protecci\u00f3 de dades. Podran contactar amb el delegat de protecci\u00f3 de dades personals en la seg\u00fcent direcci\u00f3: protecciodades@agrienergia.com<\/p>&#13;\n<p>\u00a0<\/p>&#13;\n<p><b>Quines dades personals es recullen i amb quina finalitat?<\/b><\/p>&#13;\n<table class=\"nz-table\">&#13;\n<thead>&#13;\n<tr>&#13;\n<td><b>Apartat<\/b><\/td>&#13;\n<td><b>Dades<\/b><\/td>&#13;\n<td><b>Finalitat i legitimaci\u00f3<\/b><\/td>&#13;\n<td><b>Destinataris<\/b><\/td>&#13;\n<\/tr>&#13;\n<\/thead>&#13;\n<tbody>&#13;\n<tr>&#13;\n<td>Formulari de contacte<\/td>&#13;\n<td>Nom, cognoms i correu electr\u00f2nic<\/td>&#13;\n<td>Respondre a la seva consulta, legitimat per la seva sol\u00b7licitud pr\u00e8via.<\/td>&#13;\n<td>Farinera Coromina<\/td>&#13;\n<\/tr>&#13;\n<tr>&#13;\n<td>Formulari de Newsletter<\/td>&#13;\n<td>Nom, cognoms i correu electr\u00f2nic<\/td>&#13;\n<td>Enviament d\u2019informaci\u00f3 comercial, legitimat amb el seu consentiment.<\/td>&#13;\n<td>Farinera Coromina<\/td>&#13;\n<\/tr>&#13;\n<tr>&#13;\n<td>Facebook<\/td>&#13;\n<td>Imatges i contingut audiovisual<\/td>&#13;\n<td>Publicaci\u00f3 d\u2019imatges i contingut audiovisual, legitimat amb el seu consentiment<\/td>&#13;\n<td>Farinera Coromina<\/td>&#13;\n<\/tr>&#13;\n<\/tbody>&#13;\n<\/table>&#13;\n<p>El seu consentiment pot ser revocat en qualsevol moment.<\/p>&#13;\n<p>Farinera Coromina utilitza eines per analitzar perfils, comportaments o prefer\u00e8ncies dels usuaris i posteriorment realitzar campanyes dirigides en funci\u00f3 d\u2019aquestes dades.<\/p>&#13;\n<p>\u00a0<\/p>&#13;\n<p><b>Per quina ra\u00f3 s\u2019utilitzen les seves dades personals?<\/b><b><\/b><\/p>&#13;\n<p>A continuaci\u00f3, li expliquem la base legal que ens permet tractar les seves dades personals.<\/p>&#13;\n<ol>&#13;\n<li>En compliment d\u2019una relaci\u00f3 contractual.<\/li>&#13;\n<li>Quan ens d\u00f3na el seu consentiment.<\/li>&#13;\n<li>Per inter\u00e8s leg\u00edtim Farinera Coromina per \u00a0mostrar-li serveis, productes i iniciatives que puguin interessar-li.<\/li>&#13;\n<li>Compliment d\u2019obligacions imposades per llei.<\/li>&#13;\n<\/ol>&#13;\n<p>Els hi recordem que pot revocar el seu consentiment en qualsevol moment en la seg\u00fcent direcci\u00f3:\u00a0protecciodades@agrienergia.com<\/p>&#13;\n<p>\u00a0<\/p>&#13;\n<p><b>Publicacions de fotos o v\u00eddeos en la p\u00e0gina web o en les xarxes socials<\/b><\/p>&#13;\n<p>Per la publicaci\u00f3 de fotografies o v\u00eddeos dels nostres treballadors, clients, usuaris o menors en la web o xarxes socials, com tamb\u00e9 per recopilar dades per realitzar un concurs o tractar qualsevol altra dada personal, pr\u00e8viament obtindrem el\u00a0consentiment\u00a0previ, expl\u00edcit, indiscutible\u00a0i informat del titular que, en el cas dels menors de 14 anys, s\u2019atorga pels pares o tutors legals.<\/p>&#13;\n<p>El tractament d\u2019aquestes fotos, acata\u00a0el principi de\u00a0proporcionalitat, \u00e9s a dir, nom\u00e9s es tracten estrictament per la finalitat per qu\u00e8 s\u2019ha donat el consentiment.<\/p>&#13;\n<p>\u00a0<\/p>&#13;\n<p><b>Dades no pertinents<\/b><\/p>&#13;\n<p>Farinera Coromina adverteix a l\u2019usuari del fet que, llevat l\u2019exist\u00e8ncia d\u2019una representaci\u00f3 legalment constitu\u00efda, cap usuari pot utilitzar la identitat d\u2019una altra persona i comunicar les seves dades personals, aix\u00ed que l\u2019usuari en tot moment haur\u00e0 de tenir en compte que nom\u00e9s pot proporcionar dades personals corresponents a la seva pr\u00f2pia identitat i que seran adequades, pertinents, actuals, exactes i verdaderes.<\/p>&#13;\n<p>\u00a0<\/p>&#13;\n<p><b>Quant de temps conservarem les seves dades?<\/b><\/p>&#13;\n<p>Farinera Coromina\u00a0guarda les seves dades personals mentre sigui necessari per a la finalitat que varen ser recopilades. Si la directriu \u00e9s diferent de la indicada en aquesta pol\u00edtica, es detalla en el document pertinent.<\/p>&#13;\n<p>\u00a0<\/p>&#13;\n<p><b>A qui comunicarem les seves dades?<\/b><\/p>&#13;\n<p>Farinera Coromina nom\u00e9s cedir\u00e0 les seves dades en aquells serveis que s\u2019indiquen i en els casos previstos per una llei.<\/p>&#13;\n<p>No es realitzaran transfer\u00e8ncies internacionals de les seves dades personals.<\/p>&#13;\n<p>\u00a0<\/p>&#13;\n<p>En el cas de les xarxes socials, tota la informaci\u00f3 i continguts publicats per l\u2019usuari\u00a0seran objecte de comunicaci\u00f3 i compartits amb dem\u00e8s usuaris que consultin aquesta xarxa social, per la mateixa naturalesa del servei.<\/p>&#13;\n<p>\u00a0<\/p>&#13;\n<p><b>Mesures de seguretat<\/b><\/p>&#13;\n<p>Farinera Coromina assegura l\u2019absoluta confidencialitat i privacitat de les dades personals recollides i per aix\u00f2 s\u2019han adoptat mesures essencials de seguretat per evitar l\u2019alteraci\u00f3, p\u00e8rdua, tractament o acc\u00e9s no autoritzat i garantir aix\u00ed la seva integritat i seguretat.<\/p>&#13;\n<p>\u00a0<\/p>&#13;\n<p>L\u2019usuari es compromet a fer un \u00fas diligent i a no posar a la disposici\u00f3 de tercers el seu nom d\u2019usuari i contrasenya, aix\u00ed mateix es compromet a posar a disposici\u00f3 Farinera Coromina qualsevol robatori, p\u00e8rdua o risc d\u2019acc\u00e9s de tercers al seu usuari.<\/p>&#13;\n<p>\u00a0<\/p>&#13;\n<p><b>Quins s\u00f3n els drets quan ens facilita les seves dades personals?<\/b><\/p>&#13;\n<table class=\"nz-table\">&#13;\n<thead>&#13;\n<tr>&#13;\n<td><b>Dret<\/b><\/td>&#13;\n<td><b>Contingut<\/b><\/td>&#13;\n<td><b>Canal d\u2019atenci\u00f3<\/b><\/td>&#13;\n<\/tr>&#13;\n<\/thead>&#13;\n<tbody>&#13;\n<tr>&#13;\n<td>Acc\u00e9s<\/td>&#13;\n<td>Podr\u00e0 consultar les dades personals gestionades per Farinera Coromina.<\/td>&#13;\n<td rowspan=\"6\">protecciodades@agrienergia.com<\/td>&#13;\n<\/tr>&#13;\n<tr>&#13;\n<td>Rectificaci\u00f3<\/td>&#13;\n<td>Podr\u00e0 modificar les seves dades personals quan siguin inexactes.<\/td>&#13;\n<\/tr>&#13;\n<tr>&#13;\n<td>Supressi\u00f3<\/td>&#13;\n<td>Podr\u00e0 sol\u00b7licitar l\u2019eliminaci\u00f3 de les seves dades personals.<\/td>&#13;\n<\/tr>&#13;\n<tr>&#13;\n<td>Oposici\u00f3<\/td>&#13;\n<td>Podr\u00e0 sol\u00b7licitar que no es tractin les seves dades personals.<\/td>&#13;\n<\/tr>&#13;\n<tr>&#13;\n<td>Limitaci\u00f3 del tractament<\/td>&#13;\n<td>Podr\u00e0 sol\u00b7licitar la limitaci\u00f3 al tractament de les teves dades en els seg\u00fcents casos:&#13;\n<ul>&#13;\n<li>Mentre es comprova la impugnaci\u00f3 de l\u2019exactitud de les teves dades<\/li>&#13;\n<li>Quan Farinera Coromina \u00a0no necessiti tractar les seves dades, per\u00f2 vost\u00e8 les necessiti per l\u2019exercici o defensa de reclamacions.<\/li>&#13;\n<\/ul>&#13;\n<\/td>&#13;\n<\/tr>&#13;\n<tr>&#13;\n<td>Portabilitat<\/td>&#13;\n<td>Podr\u00e0 rebre en format electr\u00f2nic les dades que ens hagi facilitat en format electr\u00f2nic<\/td>&#13;\n<\/tr>&#13;\n<tr>&#13;\n<td colspan=\"3\">Si considera que no hem tractat les seves dades personals d\u2019acord amb la normativa pot contactar amb el delegat de protecci\u00f3 de dades a la direcci\u00f3 protecciodades@agrienergia.com.M\u2019algrat aix\u00f2, podr\u00e0 presentar una reclamaci\u00f3 davant l\u2019Agencia Espanyola de protecci\u00f3 de dades (www.agpd.es).<\/td>&#13;\n<\/tr>&#13;\n<tr>&#13;\n<td colspan=\"3\">Per exercir els seus drets, acompanyi a la seva sol\u00b7licitud una c\u00f2pia del seu DNI o document acreditatiu de la seva identitat.<\/td>&#13;\n<\/tr>&#13;\n<tr>&#13;\n<td colspan=\"3\">L\u2019exercici dels seus drets \u00e9s gratu\u00eft<\/td>&#13;\n<\/tr>&#13;\n<\/tbody>&#13;\n<\/table>&#13;\n<p>\u00a0<\/p>&#13;\n<p><b>Xarxes socials<\/b><\/p>&#13;\n<p>El funcionament de les xarxes socials no est\u00e0 sota el control de Farinera Coromina, i per tant la informaci\u00f3 que publiqui ser\u00e0 compartida amb tots els usuaris que la consultin. Aix\u00ed mateix, aquestes xarxes permeten la interacci\u00f3 amb altres usuaris, i per tant, a continuaci\u00f3, es detallen algunes premisses que ha de tenir en compte.<\/p>&#13;\n<p>L\u2019objecte de la utilitzaci\u00f3 de les xarxes socials \u00e9s donar visibilitat i difusi\u00f3 de tots els productes que desenvolupa Farinera Coromina.<\/p>&#13;\n<p>En principi, s\u2019aplica la mateixa pol\u00edtica de protecci\u00f3 de dades especificada en aquest document, quant a la recollida, tractament i cessi\u00f3 de dades.<\/p>&#13;\n<p>L\u2019usuari s\u2019ha de comprometre a:<\/p>&#13;\n<ul>&#13;\n<li>No publicar informacions que no responguin als requisits de veracitat, inter\u00e8s p\u00fablic i respecte a la dignitat de les persones. En especial, l\u2019usuari haur\u00e0 d\u2019evitar tota conducta que pugui atemptar contra el principi de no discriminaci\u00f3 per raons de sexe, ra\u00e7a, religi\u00f3, ideologia o qualsevol altra circumst\u00e0ncia personal o social, i contra la intimitat, l\u2019honor i la mateixa imatge, sent el responsable final sobre la veracitat i legalitat dels continguts que publiqui.<\/li>&#13;\n<li>No gravar ni publicar imatges, v\u00eddeos o qualsevol altre tipus de registre sense el consentiment dels afectats.<\/li>&#13;\n<\/ul>&#13;\n<p>Farinera Coromina no s\u2019identifica amb les opinions expressades per altres ni amb la ideologia dels perfils amb qu\u00e8 tingui amistat en cap xarxa social.<\/p>&#13;\n<p>Farinera Coromina es reserva el dret d\u2019eliminar de les seves xarxes socials qualsevol informaci\u00f3 publicada per altres que vulneri la legalitat, inciti a fer-lo, o contingui missatges que atemptin contra la dignitat de persones o institucions. Aix\u00ed com de bloquejar o denunciar el perfil de l\u2019autor d\u2019aquests missatges.<\/p>&#13;\n<p>Recomanacions als\/els usuaris\/es<\/p>&#13;\n<ul>&#13;\n<li>Revisi i llegeixi les condicions generals d\u2019\u00fas i la pol\u00edtica de privacitat de la xarxa social en el moment de registrar-se.<\/li>&#13;\n<li>Aprengui les possibilitats de configuraci\u00f3 i utilitzaci\u00f3 que la xarxa ofereix.<\/li>&#13;\n<li>Configuri adequadament el grau de privacitat del perfil de l\u2019usuari en la xarxa social.<\/li>&#13;\n<li>No publiqui informaci\u00f3 excessiva sobre la seva vida personal i familiar.<\/li>&#13;\n<li>Tingui compte amb \u00a0la publicaci\u00f3 de continguts audiovisuals i \u00a0gr\u00e0fics en el seu perfil, especialment si s\u2019allotgen imatges relatives a terceres persones.<\/li>&#13;\n<li>No ofereixi dades de tercers sense el previ consentiment d\u2019aquests.<\/li>&#13;\n<\/ul>&#13;\n<p>\u00a0<\/p>&#13;\n<p>Las xarxes socials gestionades per Farinera Coromina, s\u00f3n:<\/p>&#13;\n<table class=\"nz-table\">&#13;\n<thead>&#13;\n<tr>&#13;\n<td><b>Xarxa<\/b><\/td>&#13;\n<td><b>Direcci\u00f3<\/b><\/td>&#13;\n<\/tr>&#13;\n<\/thead>&#13;\n<tbody>&#13;\n<tr>&#13;\n<td>Facebook<\/td>&#13;\n<td>https:\/\/www.facebook.com\/farineracoromina1897\/<\/td>&#13;\n<\/tr>&#13;\n<tr>&#13;\n<td>Youtube<\/td>&#13;\n<td>https:\/\/www.youtube.com\/channel\/UCfukVFXuPbM-NSBj2tzw1Ug<\/td>&#13;\n<\/tr>&#13;\n<tr>&#13;\n<td>Instagram<\/td>&#13;\n<td>https:\/\/www.instagram.com\/farineracoromina\/<\/td>&#13;\n<\/tr>&#13;\n<\/tbody>&#13;\n<\/table>&#13;\n<\/div>&#13;\n","protected":false},"excerpt":{"rendered":"<p>&#13; POLITIQUE DE PROTECTION DES DONN\u00c9ES PERSONNELLES &#13; \u00a0 &#13; &#13; Abast de la pol\u00edtica de protecci\u00f3 de dades personals\u00a0Aquesta<\/p>\n","protected":false},"author":1,"featured_media":0,"parent":0,"menu_order":0,"comment_status":"closed","ping_status":"open","template":"","meta":{"_acf_changed":false,"footnotes":""},"class_list":["post-16583","page","type-page","status-publish","hentry"],"acf":[],"_links":{"self":[{"href":"https:\/\/farineracoromina.com\/fr\/wp-json\/wp\/v2\/pages\/16583","targetHints":{"allow":["GET"]}}],"collection":[{"href":"https:\/\/farineracoromina.com\/fr\/wp-json\/wp\/v2\/pages"}],"about":[{"href":"https:\/\/farineracoromina.com\/fr\/wp-json\/wp\/v2\/types\/page"}],"author":[{"embeddable":true,"href":"https:\/\/farineracoromina.com\/fr\/wp-json\/wp\/v2\/users\/1"}],"replies":[{"embeddable":true,"href":"https:\/\/farineracoromina.com\/fr\/wp-json\/wp\/v2\/comments?post=16583"}],"version-history":[{"count":1,"href":"https:\/\/farineracoromina.com\/fr\/wp-json\/wp\/v2\/pages\/16583\/revisions"}],"predecessor-version":[{"id":16584,"href":"https:\/\/farineracoromina.com\/fr\/wp-json\/wp\/v2\/pages\/16583\/revisions\/16584"}],"wp:attachment":[{"href":"https:\/\/farineracoromina.com\/fr\/wp-json\/wp\/v2\/media?parent=16583"}],"curies":[{"name":"wp","href":"https:\/\/api.w.org\/{rel}","templated":true}]}}