{"id":14712,"date":"2023-02-06T19:13:18","date_gmt":"2023-02-06T17:13:18","guid":{"rendered":"https:\/\/farineracoromina.com\/?post_type=product&#038;p=14712"},"modified":"2023-03-24T13:14:03","modified_gmt":"2023-03-24T11:14:03","slug":"mezcla-de-5-semillas","status":"publish","type":"product","link":"https:\/\/farineracoromina.com\/fr\/producte\/mezcla-de-5-semillas\/","title":{"rendered":"Mezcla de 5 semillas"},"content":{"rendered":"","protected":false},"excerpt":{"rendered":"<p>La mezcla de 5 semillas est\u00e1 seleccionada y preparada para hacer panes de cereales. Se recomienda que se utilice con una dosificaci\u00f3n del 10-15 % sobre la harina o del 15-25 % en el caso de utilizar las semillas en remojo. <strong>Consejo: una vez tostadas, se pueden remojar en agua para potenciar a\u00fan m\u00e1s sus aromas.<\/strong> Esta harina tambi\u00e9n se puede utilizar de topping que permitir\u00e1 dar unos aromas intensos de semillas tostadas. Con la mezcla de 6 semillas tendr\u00e1s un mundo de posibilidades para hacer un producto totalmente personalizado que permitir\u00e1 marcar la diferencia.<\/p>\n","protected":false},"featured_media":14462,"comment_status":"closed","ping_status":"closed","template":"","meta":{"_acf_changed":false},"product_brand":[],"product_cat":[222,209],"product_tag":[],"class_list":{"0":"post-14712","1":"product","2":"type-product","3":"status-publish","4":"has-post-thumbnail","6":"product_cat-harinas-para-pan","7":"product_cat-otros-cereales","9":"first","10":"instock","11":"shipping-taxable","12":"product-type-simple"},"acf":[],"_links":{"self":[{"href":"https:\/\/farineracoromina.com\/fr\/wp-json\/wp\/v2\/product\/14712","targetHints":{"allow":["GET"]}}],"collection":[{"href":"https:\/\/farineracoromina.com\/fr\/wp-json\/wp\/v2\/product"}],"about":[{"href":"https:\/\/farineracoromina.com\/fr\/wp-json\/wp\/v2\/types\/product"}],"replies":[{"embeddable":true,"href":"https:\/\/farineracoromina.com\/fr\/wp-json\/wp\/v2\/comments?post=14712"}],"wp:featuredmedia":[{"embeddable":true,"href":"https:\/\/farineracoromina.com\/fr\/wp-json\/wp\/v2\/media\/14462"}],"wp:attachment":[{"href":"https:\/\/farineracoromina.com\/fr\/wp-json\/wp\/v2\/media?parent=14712"}],"wp:term":[{"taxonomy":"product_brand","embeddable":true,"href":"https:\/\/farineracoromina.com\/fr\/wp-json\/wp\/v2\/product_brand?post=14712"},{"taxonomy":"product_cat","embeddable":true,"href":"https:\/\/farineracoromina.com\/fr\/wp-json\/wp\/v2\/product_cat?post=14712"},{"taxonomy":"product_tag","embeddable":true,"href":"https:\/\/farineracoromina.com\/fr\/wp-json\/wp\/v2\/product_tag?post=14712"}],"curies":[{"name":"wp","href":"https:\/\/api.w.org\/{rel}","templated":true}]}}