{"id":14713,"date":"2023-02-06T18:45:57","date_gmt":"2023-02-06T16:45:57","guid":{"rendered":"https:\/\/farineracoromina.com\/?post_type=product&#038;p=14713"},"modified":"2023-03-24T13:14:02","modified_gmt":"2023-03-24T11:14:02","slug":"es-harina-de-girona-1","status":"publish","type":"product","link":"https:\/\/farineracoromina.com\/fr\/producte\/es-harina-de-girona-1\/","title":{"rendered":"Es Harina de Girona 1"},"content":{"rendered":"","protected":false},"excerpt":{"rendered":"<p class=\"western\" lang=\"ca-ES\"><span lang=\"es-ES\">Esta harina de media fuerza es ideal para trabajar en c\u00e1mara de fermentaci\u00f3n controlada y fermentaci\u00f3n en bloque en c\u00e1mara de refrigeraci\u00f3n.<\/span><\/p>\n<p class=\"western\" lang=\"ca-ES\"><span lang=\"es-ES\">Esta harina de Km 0 es ideal para hacer un pan de pay\u00e9s, m\u00e1s sabroso, con un buen volumen y un nivel de hidrataci\u00f3n m\u00e1s alta de la habitual. Es perfecto para hacer cualquier tipo de pieza que requiere una harina de alta calidad con un buen nivel de gluten.<\/span><\/p>\n[video width=\"640\" height=\"350\" mp4=\"https:\/\/farineracoromina.com\/wp-content\/uploads\/2018\/04\/CAPSULA-ES-FARINA-DE-GIRONA.mp4\"][\/video]\n<p>&nbsp;<\/p>\n","protected":false},"featured_media":14975,"comment_status":"closed","ping_status":"closed","template":"","meta":{"_acf_changed":false},"product_brand":[],"product_cat":[216,212,222],"product_tag":[],"class_list":{"0":"post-14713","1":"product","2":"type-product","3":"status-publish","4":"has-post-thumbnail","6":"product_cat-es-harina-de-girona-km0","7":"product_cat-harinas-especiales","8":"product_cat-harinas-para-pan","9":"pa_format-25kg-es-2","11":"first","12":"instock","13":"shipping-taxable","14":"product-type-simple"},"acf":[],"_links":{"self":[{"href":"https:\/\/farineracoromina.com\/fr\/wp-json\/wp\/v2\/product\/14713","targetHints":{"allow":["GET"]}}],"collection":[{"href":"https:\/\/farineracoromina.com\/fr\/wp-json\/wp\/v2\/product"}],"about":[{"href":"https:\/\/farineracoromina.com\/fr\/wp-json\/wp\/v2\/types\/product"}],"replies":[{"embeddable":true,"href":"https:\/\/farineracoromina.com\/fr\/wp-json\/wp\/v2\/comments?post=14713"}],"wp:featuredmedia":[{"embeddable":true,"href":"https:\/\/farineracoromina.com\/fr\/wp-json\/wp\/v2\/media\/14975"}],"wp:attachment":[{"href":"https:\/\/farineracoromina.com\/fr\/wp-json\/wp\/v2\/media?parent=14713"}],"wp:term":[{"taxonomy":"product_brand","embeddable":true,"href":"https:\/\/farineracoromina.com\/fr\/wp-json\/wp\/v2\/product_brand?post=14713"},{"taxonomy":"product_cat","embeddable":true,"href":"https:\/\/farineracoromina.com\/fr\/wp-json\/wp\/v2\/product_cat?post=14713"},{"taxonomy":"product_tag","embeddable":true,"href":"https:\/\/farineracoromina.com\/fr\/wp-json\/wp\/v2\/product_tag?post=14713"}],"curies":[{"name":"wp","href":"https:\/\/api.w.org\/{rel}","templated":true}]}}